	{"id":1456,"date":"2024-07-15T13:18:03","date_gmt":"2024-07-15T13:18:03","guid":{"rendered":"https:\/\/bomporto-hotels.local\/experiences-events\/"},"modified":"2025-06-17T10:30:28","modified_gmt":"2025-06-17T10:30:28","slug":"experiences-events","status":"publish","type":"page","link":"https:\/\/bomportohotels.com\/pt-pt\/experiences-events\/","title":{"rendered":"[PT] Experiences &#038; Events"},"content":{"rendered":"","protected":false},"excerpt":{"rendered":"","protected":false},"author":1,"featured_media":0,"parent":0,"menu_order":0,"comment_status":"closed","ping_status":"closed","template":"","meta":{"_acf_changed":false},"class_list":["post-1456","page","type-page","status-publish","hentry"],"acf":{"modules":[{"acf_fc_layout":"hero","_acfe_flexible_toggle":"","size":"default","heading_width":"wide","text_colour":"black","image_overlay_style":"white","overlay":0.35,"overlay_type":"title","overlay_title":"REUNI\u00d5ES, CELEBRA\u00c7\u00d5ES OU REFEI\u00c7\u00d5ES","overlay_logo":null,"overlay_accessibility_title":"","background_type":"images","images":[{"image":1262,"tablet_image":"","mobile_image":""}],"responsive_video":{"":null,"video":{"video_type":"none","mp4_file":null,"webm_file":null},"tablet_video":{"video_type":"none","mp4_file":null,"webm_file":null},"mobile_video":{"video_type":"none","mp4_file":null,"webm_file":null}}},{"acf_fc_layout":"content_and_media","_acfe_flexible_toggle":"","background_colour":"grey","heading":"Trabalho ou lazer","heading_small_text":"","subheading":"Est\u00e1 a organizar um dia de trabalho fora do escrit\u00f3rio ou uma festa de empresa? Temos os espa\u00e7os e op\u00e7\u00f5es de catering para levar o seu evento para o patamar seguinte.","content":"Reserve uma sala ou uma ocupa\u00e7\u00e3o completa, seja por algumas horas ou por v\u00e1rios dias. Qualquer que seja o plano, torne-o num evento memor\u00e1vel.","buttons":null,"media_type":"images","media_position":"right","images":[{"image":1313,"tablet_image":"","mobile_image":""}],"responsive_video":{"":null,"video":{"video_type":"none","mp4_file":null,"webm_file":null},"tablet_video":{"video_type":"none","mp4_file":null,"webm_file":null},"mobile_video":{"video_type":"none","mp4_file":null,"webm_file":null}}},{"acf_fc_layout":"full_width_media","_acfe_flexible_toggle":"","section_heading":"","media_type":"images","images":[{"responsive_image":{"image":1343,"tablet_image":"","mobile_image":""},"caption":""},{"responsive_image":{"image":1265,"tablet_image":"","mobile_image":""},"caption":""},{"responsive_image":{"image":1262,"tablet_image":"","mobile_image":""},"caption":""}],"responsive_video":{"":null,"video":{"video_type":"none","mp4_file":null,"webm_file":null},"tablet_video":{"video_type":"none","mp4_file":null,"webm_file":null},"mobile_video":{"video_type":"none","mp4_file":null,"webm_file":null}},"video_caption":""},{"acf_fc_layout":"content_and_media","_acfe_flexible_toggle":"","background_colour":"pink","heading":"The Lumiares","heading_small_text":"(LIS)","subheading":"\u00c9 na capital portuguesa que se encontra o hotel primog\u00e9nito do grupo, o The Lumiares.","content":"As nossas Mezzanines e Penthouses tamb\u00e9m funcionam como elegantes salas de reuni\u00e3o, perfeitas para encontros intimistas ou cocktails de at\u00e9 25 pessoas. Para eventos de maior dimens\u00e3o, a escadaria original do s\u00e9culo XVIII com um lustre de bronze, oferece um cen\u00e1rio deslumbrante para receber at\u00e9 70 convidados.","buttons":[{"button_options":{"display":"show","button_type":"link","link":{"title":"Saiba mais","url":"https:\/\/www.thelumiares.com\/whats-on\/","target":"_blank"},"location":"","email_address":"","subject":"","phone_number":"","file":null,"article":null,"popup":null,"link_text":""}}],"media_type":"images","media_position":"left","images":[{"image":1816,"tablet_image":"","mobile_image":""}],"responsive_video":{"":null,"video":{"video_type":"none","mp4_file":null,"webm_file":null},"tablet_video":{"video_type":"none","mp4_file":null,"webm_file":null},"mobile_video":{"video_type":"none","mp4_file":null,"webm_file":null}}},{"acf_fc_layout":"content_and_media","_acfe_flexible_toggle":"","background_colour":"green","heading":"The Vintage","heading_small_text":"(LIS)","subheading":"A poucos passos do The Lumiares, perto da Avenida da Liberdade, encontra-se o The Vintage.","content":"O nosso espa\u00e7o Pr\u00edncipe Real combina estilo e versatilidade, recebendo at\u00e9 80 convidados. Pode tamb\u00e9m ser dividido em duas salas, ideais para rece\u00e7\u00f5es mais \u00edntimas ou reuni\u00f5es de neg\u00f3cios - tudo com a est\u00e9tica vintage que define o hotel. Para um almo\u00e7o de equipa ou uma bebida ao final do dia, o Blue Bistrot e o V Rooftop est\u00e3o igualmente dispon\u00edveis para eventos.","buttons":[{"button_options":{"display":"show","button_type":"link","link":{"title":"Saiba mais","url":"https:\/\/www.thevintagelisbon.com\/events\/","target":"_blank"},"location":"","email_address":"","subject":"","phone_number":"","file":null,"article":null,"popup":null,"link_text":""}}],"media_type":"images","media_position":"right","images":[{"image":1349,"tablet_image":"","mobile_image":""}],"responsive_video":{"":null,"video":{"video_type":"none","mp4_file":null,"webm_file":null},"tablet_video":{"video_type":"none","mp4_file":null,"webm_file":null},"mobile_video":{"video_type":"none","mp4_file":null,"webm_file":null}}},{"acf_fc_layout":"content_and_media","_acfe_flexible_toggle":"","background_colour":"cream","heading":"The Rebello","heading_small_text":"(OPO)","subheading":"Situado nas margens do rio Douro, o The Rebello tem um design arrojado, cujo charme se estende \u00e0s salas de reuni\u00e3o","content":"Est\u00e1 a planear o lan\u00e7amento de um produto, uma reuni\u00e3o fora do escrit\u00f3rio ou simplesmente precisa de uma sala por algumas horas? Temos um espa\u00e7o de eventos adapt\u00e1vel, com acesso ao jardim para inspirar a equipa, e servimos desde snacks simples a almo\u00e7os cuidadosamente preparados.","buttons":[{"button_options":{"display":"show","button_type":"link","link":{"title":"Saiba mais","url":"https:\/\/www.therebello.com\/meetings-and-events\/","target":"_blank"},"location":"","email_address":"","subject":"","phone_number":"","file":null,"article":null,"popup":null,"link_text":""}}],"media_type":"images","media_position":"left","images":[{"image":1349,"tablet_image":"","mobile_image":""}],"responsive_video":{"":null,"video":{"video_type":"none","mp4_file":null,"webm_file":null},"tablet_video":{"video_type":"none","mp4_file":null,"webm_file":null},"mobile_video":{"video_type":"none","mp4_file":null,"webm_file":null}}},{"acf_fc_layout":"enquiry_form","_acfe_flexible_toggle":"","heading":"Entre em contacto"}]},"yoast_head":"<!-- This site is optimized with the Yoast SEO plugin v27.5 - https:\/\/yoast.com\/product\/yoast-seo-wordpress\/ -->\n<title>[PT] Experiences &amp; Events - Bomporto Hotels<\/title>\n<meta name=\"robots\" content=\"index, follow, max-snippet:-1, max-image-preview:large, max-video-preview:-1\" \/>\n<link rel=\"canonical\" href=\"https:\/\/bomportohotels.com\/pt-pt\/experiences-events\/\" \/>\n<meta property=\"og:locale\" content=\"pt_PT\" \/>\n<meta property=\"og:type\" content=\"article\" \/>\n<meta property=\"og:title\" content=\"[PT] Experiences &amp; Events - Bomporto Hotels\" \/>\n<meta property=\"og:url\" content=\"https:\/\/bomportohotels.com\/pt-pt\/experiences-events\/\" \/>\n<meta property=\"og:site_name\" content=\"Bomporto Hotels\" \/>\n<meta property=\"article:modified_time\" content=\"2025-06-17T10:30:28+00:00\" \/>\n<meta name=\"twitter:card\" content=\"summary_large_image\" \/>\n<script type=\"application\/ld+json\" class=\"yoast-schema-graph\">{\"@context\":\"https:\\\/\\\/schema.org\",\"@graph\":[{\"@type\":\"WebPage\",\"@id\":\"https:\\\/\\\/bomportohotels.com\\\/pt-pt\\\/experiences-events\\\/\",\"url\":\"https:\\\/\\\/bomportohotels.com\\\/pt-pt\\\/experiences-events\\\/\",\"name\":\"[PT] Experiences & Events - Bomporto Hotels\",\"isPartOf\":{\"@id\":\"https:\\\/\\\/bomportohotels.com\\\/pt-pt\\\/#website\"},\"datePublished\":\"2024-07-15T13:18:03+00:00\",\"dateModified\":\"2025-06-17T10:30:28+00:00\",\"breadcrumb\":{\"@id\":\"https:\\\/\\\/bomportohotels.com\\\/pt-pt\\\/experiences-events\\\/#breadcrumb\"},\"inLanguage\":\"pt-PT\",\"potentialAction\":[{\"@type\":\"ReadAction\",\"target\":[\"https:\\\/\\\/bomportohotels.com\\\/pt-pt\\\/experiences-events\\\/\"]}]},{\"@type\":\"BreadcrumbList\",\"@id\":\"https:\\\/\\\/bomportohotels.com\\\/pt-pt\\\/experiences-events\\\/#breadcrumb\",\"itemListElement\":[{\"@type\":\"ListItem\",\"position\":1,\"name\":\"Home\",\"item\":\"https:\\\/\\\/bomportohotels.com\\\/pt-pt\\\/\"},{\"@type\":\"ListItem\",\"position\":2,\"name\":\"[PT] Experiences &#038; Events\"}]},{\"@type\":\"WebSite\",\"@id\":\"https:\\\/\\\/bomportohotels.com\\\/pt-pt\\\/#website\",\"url\":\"https:\\\/\\\/bomportohotels.com\\\/pt-pt\\\/\",\"name\":\"Bomporto Hotels\",\"description\":\"\",\"potentialAction\":[{\"@type\":\"SearchAction\",\"target\":{\"@type\":\"EntryPoint\",\"urlTemplate\":\"https:\\\/\\\/bomportohotels.com\\\/pt-pt\\\/?s={search_term_string}\"},\"query-input\":{\"@type\":\"PropertyValueSpecification\",\"valueRequired\":true,\"valueName\":\"search_term_string\"}}],\"inLanguage\":\"pt-PT\"}]}<\/script>\n<!-- \/ Yoast SEO plugin. -->","yoast_head_json":{"title":"[PT] Experiences & Events - Bomporto Hotels","robots":{"index":"index","follow":"follow","max-snippet":"max-snippet:-1","max-image-preview":"max-image-preview:large","max-video-preview":"max-video-preview:-1"},"canonical":"https:\/\/bomportohotels.com\/pt-pt\/experiences-events\/","og_locale":"pt_PT","og_type":"article","og_title":"[PT] Experiences & Events - Bomporto Hotels","og_url":"https:\/\/bomportohotels.com\/pt-pt\/experiences-events\/","og_site_name":"Bomporto Hotels","article_modified_time":"2025-06-17T10:30:28+00:00","twitter_card":"summary_large_image","schema":{"@context":"https:\/\/schema.org","@graph":[{"@type":"WebPage","@id":"https:\/\/bomportohotels.com\/pt-pt\/experiences-events\/","url":"https:\/\/bomportohotels.com\/pt-pt\/experiences-events\/","name":"[PT] Experiences & Events - Bomporto Hotels","isPartOf":{"@id":"https:\/\/bomportohotels.com\/pt-pt\/#website"},"datePublished":"2024-07-15T13:18:03+00:00","dateModified":"2025-06-17T10:30:28+00:00","breadcrumb":{"@id":"https:\/\/bomportohotels.com\/pt-pt\/experiences-events\/#breadcrumb"},"inLanguage":"pt-PT","potentialAction":[{"@type":"ReadAction","target":["https:\/\/bomportohotels.com\/pt-pt\/experiences-events\/"]}]},{"@type":"BreadcrumbList","@id":"https:\/\/bomportohotels.com\/pt-pt\/experiences-events\/#breadcrumb","itemListElement":[{"@type":"ListItem","position":1,"name":"Home","item":"https:\/\/bomportohotels.com\/pt-pt\/"},{"@type":"ListItem","position":2,"name":"[PT] Experiences &#038; Events"}]},{"@type":"WebSite","@id":"https:\/\/bomportohotels.com\/pt-pt\/#website","url":"https:\/\/bomportohotels.com\/pt-pt\/","name":"Bomporto Hotels","description":"","potentialAction":[{"@type":"SearchAction","target":{"@type":"EntryPoint","urlTemplate":"https:\/\/bomportohotels.com\/pt-pt\/?s={search_term_string}"},"query-input":{"@type":"PropertyValueSpecification","valueRequired":true,"valueName":"search_term_string"}}],"inLanguage":"pt-PT"}]}},"_links":{"self":[{"href":"https:\/\/bomportohotels.com\/pt-pt\/wp-json\/wp\/v2\/pages\/1456","targetHints":{"allow":["GET"]}}],"collection":[{"href":"https:\/\/bomportohotels.com\/pt-pt\/wp-json\/wp\/v2\/pages"}],"about":[{"href":"https:\/\/bomportohotels.com\/pt-pt\/wp-json\/wp\/v2\/types\/page"}],"author":[{"embeddable":true,"href":"https:\/\/bomportohotels.com\/pt-pt\/wp-json\/wp\/v2\/users\/1"}],"replies":[{"embeddable":true,"href":"https:\/\/bomportohotels.com\/pt-pt\/wp-json\/wp\/v2\/comments?post=1456"}],"version-history":[{"count":0,"href":"https:\/\/bomportohotels.com\/pt-pt\/wp-json\/wp\/v2\/pages\/1456\/revisions"}],"wp:attachment":[{"href":"https:\/\/bomportohotels.com\/pt-pt\/wp-json\/wp\/v2\/media?parent=1456"}],"curies":[{"name":"wp","href":"https:\/\/api.w.org\/{rel}","templated":true}]}}