	{"id":1441,"date":"2024-07-15T13:17:42","date_gmt":"2024-07-15T13:17:42","guid":{"rendered":"https:\/\/bomporto-hotels.local\/about-us\/sustainability\/"},"modified":"2025-05-29T11:02:59","modified_gmt":"2025-05-29T11:02:59","slug":"sustainability","status":"publish","type":"page","link":"https:\/\/bomportohotels.com\/pt-pt\/about-us\/sustainability\/","title":{"rendered":"[PT] Sustainability"},"content":{"rendered":"","protected":false},"excerpt":{"rendered":"","protected":false},"author":1,"featured_media":0,"parent":1438,"menu_order":0,"comment_status":"closed","ping_status":"closed","template":"","meta":{"_acf_changed":false},"class_list":["post-1441","page","type-page","status-publish","hentry"],"acf":{"modules":[{"acf_fc_layout":"hero","_acfe_flexible_toggle":"","size":"default","heading_width":"default","text_colour":"black","image_overlay_style":"white","overlay":0.45,"overlay_type":"title","overlay_title":"CONSTRU\u00cdDO PARA O FUTURO","overlay_logo":null,"overlay_accessibility_title":"","background_type":"images","images":[{"image":1367,"tablet_image":"","mobile_image":""}],"responsive_video":{"":null,"video":{"video_type":"none","mp4_file":null,"webm_file":null},"tablet_video":{"video_type":"none","mp4_file":null,"webm_file":null},"mobile_video":{"video_type":"none","mp4_file":null,"webm_file":null}}},{"acf_fc_layout":"content_and_media","_acfe_flexible_toggle":"","background_colour":"grey","heading":"O nosso compromisso com o planeta","heading_small_text":"","subheading":"","content":"O nosso trabalho ecol\u00f3gico come\u00e7a antes de entrarmos pela porta. Escolhemos restaurar im\u00f3veis hist\u00f3ricos para preservar a hist\u00f3ria, a cultura e o planeta. E mais? Ainda bem que perguntou. Energia 100% renov\u00e1vel, m\u00e9todos de tratamento de \u00e1gua amigos do ambiente, produtos recicl\u00e1veis e uma est\u00e9tica intemporal, que transcende tend\u00eancias. Estas s\u00e3o apenas algumas das nossas a\u00e7\u00f5es em prol do planeta. Desenvolvemos cada parte da experi\u00eancia Bomporto de acordo com o seu potencial mais ecol\u00f3gico, desde a constru\u00e7\u00e3o \u00e0 escolha da roupa de cama.\r\n\r\nQuer aprofundar o assunto? Consulte a nossa factsheet de sustentabilidade.","buttons":[{"button_options":{"display":"show","button_type":"file","link":{"title":"Saiba mais","url":"#","target":""},"location":"","email_address":"","subject":"","phone_number":"","file":1708,"article":null,"popup":null,"link_text":"Read More"}}],"media_type":"images","media_position":"right","images":[{"image":1385,"tablet_image":"","mobile_image":""}],"responsive_video":{"":null,"video":{"video_type":"none","mp4_file":null,"webm_file":null},"tablet_video":{"video_type":"none","mp4_file":null,"webm_file":null},"mobile_video":{"video_type":"none","mp4_file":null,"webm_file":null}}},{"acf_fc_layout":"content_and_media","_acfe_flexible_toggle":"","background_colour":"grey","heading":"Para a comunidade","heading_small_text":"","subheading":"","content":"<span style=\"font-weight: 400;\">Comunidade \u00e9 tudo para o grupo Bomporto, desde os nossos colaboradores aos fornecedores. Por isso, a responsabilidade social \u00e9 uma prioridade. Apoiamos tanto a n\u00edvel global como local atrav\u00e9s de:<\/span>\r\n<ul>\r\n \t<li><span style=\"font-weight: 400;\">Parceria com a\u00a0 \"Make a Wish\", uma associa\u00e7\u00e3o que ajuda crian\u00e7as com problemas de sa\u00fade graves.<\/span><\/li>\r\n \t<li><span style=\"font-weight: 400;\">Doa\u00e7\u00e3o de roupa de cama, colch\u00f5es e almofadas a associa\u00e7\u00f5es locais de cuidados paliativos. <\/span><\/li>\r\n \t<li><span style=\"font-weight: 400;\">Apoio \u00e0\u00a0 \"Just a Change\" uma associa\u00e7\u00e3o com base em Lisboa, sem fins lucrativos que trabalha para remodelar orfanatos e lares de idosos <\/span><\/li>\r\n \t<li><span style=\"font-weight: 400;\">Tamb\u00e9m patrocinamos a equipa de basebol dos Salgueiros Highlanders. For\u00e7a, Highlanders!<\/span><\/li>\r\n<\/ul>","buttons":null,"media_type":"images","media_position":"left","images":[{"image":1696,"tablet_image":"","mobile_image":""}],"responsive_video":{"":null,"video":{"video_type":"none","mp4_file":null,"webm_file":null},"tablet_video":{"video_type":"none","mp4_file":null,"webm_file":null},"mobile_video":{"video_type":"none","mp4_file":null,"webm_file":null}}},{"acf_fc_layout":"content_and_media","_acfe_flexible_toggle":"","background_colour":"grey","heading":"A cole\u00e7\u00e3o Bomporto","heading_small_text":"","subheading":"Bem-vindo a um luxo descontra\u00eddo, \u00e0 moda dos Bomporto.","content":"<span style=\"font-weight: 400;\">Estadias de 5 estrelas com um design \u00fanico, spas, restaurantes ecl\u00e9ticos e espa\u00e7os fant\u00e1sticos concebidos para que qualquer aventureiro se sinta em casa. Descubra o The Lumiares, o The Vintage e o The Rebello.<\/span>","buttons":[{"button_options":{"display":"show","button_type":"link","link":{"title":"Os nossos hot\u00e9is","url":"https:\/\/bomportohotels.com\/pt-pt\/our-hotels\/","target":""},"location":"","email_address":"","subject":"","phone_number":"","file":null,"article":null,"popup":null,"link_text":""}}],"media_type":"images","media_position":"right","images":[{"image":1766,"tablet_image":"","mobile_image":""}],"responsive_video":{"":null,"video":{"video_type":"none","mp4_file":null,"webm_file":null},"tablet_video":{"video_type":"none","mp4_file":null,"webm_file":null},"mobile_video":{"video_type":"none","mp4_file":null,"webm_file":null}}}]},"yoast_head":"<!-- This site is optimized with the Yoast SEO plugin v27.5 - https:\/\/yoast.com\/product\/yoast-seo-wordpress\/ -->\n<title>[PT] Sustainability - Bomporto Hotels<\/title>\n<meta name=\"robots\" content=\"index, follow, max-snippet:-1, max-image-preview:large, max-video-preview:-1\" \/>\n<link rel=\"canonical\" href=\"https:\/\/bomportohotels.com\/pt-pt\/about-us\/sustainability\/\" \/>\n<meta property=\"og:locale\" content=\"pt_PT\" \/>\n<meta property=\"og:type\" content=\"article\" \/>\n<meta property=\"og:title\" content=\"[PT] Sustainability - Bomporto Hotels\" \/>\n<meta property=\"og:url\" content=\"https:\/\/bomportohotels.com\/pt-pt\/about-us\/sustainability\/\" \/>\n<meta property=\"og:site_name\" content=\"Bomporto Hotels\" \/>\n<meta property=\"article:modified_time\" content=\"2025-05-29T11:02:59+00:00\" \/>\n<meta name=\"twitter:card\" content=\"summary_large_image\" \/>\n<script type=\"application\/ld+json\" class=\"yoast-schema-graph\">{\"@context\":\"https:\\\/\\\/schema.org\",\"@graph\":[{\"@type\":\"WebPage\",\"@id\":\"https:\\\/\\\/bomportohotels.com\\\/pt-pt\\\/about-us\\\/sustainability\\\/\",\"url\":\"https:\\\/\\\/bomportohotels.com\\\/pt-pt\\\/about-us\\\/sustainability\\\/\",\"name\":\"[PT] Sustainability - Bomporto Hotels\",\"isPartOf\":{\"@id\":\"https:\\\/\\\/bomportohotels.com\\\/pt-pt\\\/#website\"},\"datePublished\":\"2024-07-15T13:17:42+00:00\",\"dateModified\":\"2025-05-29T11:02:59+00:00\",\"breadcrumb\":{\"@id\":\"https:\\\/\\\/bomportohotels.com\\\/pt-pt\\\/about-us\\\/sustainability\\\/#breadcrumb\"},\"inLanguage\":\"pt-PT\",\"potentialAction\":[{\"@type\":\"ReadAction\",\"target\":[\"https:\\\/\\\/bomportohotels.com\\\/pt-pt\\\/about-us\\\/sustainability\\\/\"]}]},{\"@type\":\"BreadcrumbList\",\"@id\":\"https:\\\/\\\/bomportohotels.com\\\/pt-pt\\\/about-us\\\/sustainability\\\/#breadcrumb\",\"itemListElement\":[{\"@type\":\"ListItem\",\"position\":1,\"name\":\"Home\",\"item\":\"https:\\\/\\\/bomportohotels.com\\\/pt-pt\\\/\"},{\"@type\":\"ListItem\",\"position\":2,\"name\":\"[PT] About Us\",\"item\":\"https:\\\/\\\/bomportohotels.com\\\/pt-pt\\\/about-us\\\/\"},{\"@type\":\"ListItem\",\"position\":3,\"name\":\"[PT] Sustainability\"}]},{\"@type\":\"WebSite\",\"@id\":\"https:\\\/\\\/bomportohotels.com\\\/pt-pt\\\/#website\",\"url\":\"https:\\\/\\\/bomportohotels.com\\\/pt-pt\\\/\",\"name\":\"Bomporto Hotels\",\"description\":\"\",\"potentialAction\":[{\"@type\":\"SearchAction\",\"target\":{\"@type\":\"EntryPoint\",\"urlTemplate\":\"https:\\\/\\\/bomportohotels.com\\\/pt-pt\\\/?s={search_term_string}\"},\"query-input\":{\"@type\":\"PropertyValueSpecification\",\"valueRequired\":true,\"valueName\":\"search_term_string\"}}],\"inLanguage\":\"pt-PT\"}]}<\/script>\n<!-- \/ Yoast SEO plugin. -->","yoast_head_json":{"title":"[PT] Sustainability - Bomporto Hotels","robots":{"index":"index","follow":"follow","max-snippet":"max-snippet:-1","max-image-preview":"max-image-preview:large","max-video-preview":"max-video-preview:-1"},"canonical":"https:\/\/bomportohotels.com\/pt-pt\/about-us\/sustainability\/","og_locale":"pt_PT","og_type":"article","og_title":"[PT] Sustainability - Bomporto Hotels","og_url":"https:\/\/bomportohotels.com\/pt-pt\/about-us\/sustainability\/","og_site_name":"Bomporto Hotels","article_modified_time":"2025-05-29T11:02:59+00:00","twitter_card":"summary_large_image","schema":{"@context":"https:\/\/schema.org","@graph":[{"@type":"WebPage","@id":"https:\/\/bomportohotels.com\/pt-pt\/about-us\/sustainability\/","url":"https:\/\/bomportohotels.com\/pt-pt\/about-us\/sustainability\/","name":"[PT] Sustainability - Bomporto Hotels","isPartOf":{"@id":"https:\/\/bomportohotels.com\/pt-pt\/#website"},"datePublished":"2024-07-15T13:17:42+00:00","dateModified":"2025-05-29T11:02:59+00:00","breadcrumb":{"@id":"https:\/\/bomportohotels.com\/pt-pt\/about-us\/sustainability\/#breadcrumb"},"inLanguage":"pt-PT","potentialAction":[{"@type":"ReadAction","target":["https:\/\/bomportohotels.com\/pt-pt\/about-us\/sustainability\/"]}]},{"@type":"BreadcrumbList","@id":"https:\/\/bomportohotels.com\/pt-pt\/about-us\/sustainability\/#breadcrumb","itemListElement":[{"@type":"ListItem","position":1,"name":"Home","item":"https:\/\/bomportohotels.com\/pt-pt\/"},{"@type":"ListItem","position":2,"name":"[PT] About Us","item":"https:\/\/bomportohotels.com\/pt-pt\/about-us\/"},{"@type":"ListItem","position":3,"name":"[PT] Sustainability"}]},{"@type":"WebSite","@id":"https:\/\/bomportohotels.com\/pt-pt\/#website","url":"https:\/\/bomportohotels.com\/pt-pt\/","name":"Bomporto Hotels","description":"","potentialAction":[{"@type":"SearchAction","target":{"@type":"EntryPoint","urlTemplate":"https:\/\/bomportohotels.com\/pt-pt\/?s={search_term_string}"},"query-input":{"@type":"PropertyValueSpecification","valueRequired":true,"valueName":"search_term_string"}}],"inLanguage":"pt-PT"}]}},"_links":{"self":[{"href":"https:\/\/bomportohotels.com\/pt-pt\/wp-json\/wp\/v2\/pages\/1441","targetHints":{"allow":["GET"]}}],"collection":[{"href":"https:\/\/bomportohotels.com\/pt-pt\/wp-json\/wp\/v2\/pages"}],"about":[{"href":"https:\/\/bomportohotels.com\/pt-pt\/wp-json\/wp\/v2\/types\/page"}],"author":[{"embeddable":true,"href":"https:\/\/bomportohotels.com\/pt-pt\/wp-json\/wp\/v2\/users\/1"}],"replies":[{"embeddable":true,"href":"https:\/\/bomportohotels.com\/pt-pt\/wp-json\/wp\/v2\/comments?post=1441"}],"version-history":[{"count":0,"href":"https:\/\/bomportohotels.com\/pt-pt\/wp-json\/wp\/v2\/pages\/1441\/revisions"}],"up":[{"embeddable":true,"href":"https:\/\/bomportohotels.com\/pt-pt\/wp-json\/wp\/v2\/pages\/1438"}],"wp:attachment":[{"href":"https:\/\/bomportohotels.com\/pt-pt\/wp-json\/wp\/v2\/media?parent=1441"}],"curies":[{"name":"wp","href":"https:\/\/api.w.org\/{rel}","templated":true}]}}