	{"id":1438,"date":"2024-07-15T13:17:29","date_gmt":"2024-07-15T13:17:29","guid":{"rendered":"https:\/\/bomporto-hotels.local\/about-us\/"},"modified":"2025-06-17T09:24:56","modified_gmt":"2025-06-17T09:24:56","slug":"about-us","status":"publish","type":"page","link":"https:\/\/bomportohotels.com\/pt-pt\/about-us\/","title":{"rendered":"[PT] About Us"},"content":{"rendered":"","protected":false},"excerpt":{"rendered":"","protected":false},"author":1,"featured_media":0,"parent":0,"menu_order":0,"comment_status":"closed","ping_status":"closed","template":"","meta":{"_acf_changed":false},"class_list":["post-1438","page","type-page","status-publish","hentry"],"acf":{"modules":[{"acf_fc_layout":"hero","_acfe_flexible_toggle":"","size":"default","heading_width":"default","text_colour":"black","image_overlay_style":"white","overlay":0.35,"overlay_type":"title","overlay_title":"UMA EMPRESA DE HOT\u00c9IS DE BEM-ESTAR","overlay_logo":null,"overlay_accessibility_title":"","background_type":"images","images":[{"image":1807,"tablet_image":"","mobile_image":""}],"responsive_video":{"":null,"video":{"video_type":"none","mp4_file":null,"webm_file":null},"tablet_video":{"video_type":"none","mp4_file":null,"webm_file":null},"mobile_video":{"video_type":"none","mp4_file":null,"webm_file":null}}},{"acf_fc_layout":"wysiwyg_content","_acfe_flexible_toggle":"","heading":"","heading_small_text":"","subheading":"","content":"<span style=\"font-weight: 400;\">Os nossos hot\u00e9is s\u00e3o muito mais do que tijolos e argamassa, s\u00e3o s\u00edtios aut\u00eanticos que transmitem boas sensa\u00e7\u00f5es duradouras. Pense em estadias boutique de 5 estrelas com um servi\u00e7o de 10 estrelas, uma decora\u00e7\u00e3o ousada e contempor\u00e2nea, que celebra a cultura local. Tudo isto nos torna um verdadeiro Bomporto.<\/span>","buttons":null},{"acf_fc_layout":"content_and_media","_acfe_flexible_toggle":"","background_colour":"grey","heading":"Excel\u00eancia sem pretens\u00f5es","heading_small_text":"","subheading":"","content":"Independentemente da est\u00e9tica cuidada, das obras de arte, do mobili\u00e1rio personalizado e artesanato local, existe um estilo e servi\u00e7o de luxo descontra\u00eddo que \u00e9 a imagem de marca dos Bomporto. D\u00ea uma vista de olhos; explore os quartos, hot\u00e9is, spas, restaurantes, bares e cidades que inspiram centenas de estadias \u00fanicas.","buttons":[{"button_options":{"display":"show","button_type":"link","link":{"title":"Os nossos hot\u00e9is","url":"https:\/\/bomportohotels.com\/pt-pt\/our-hotels\/","target":""},"location":"","email_address":"","subject":"","phone_number":"","file":null,"article":null,"popup":null,"link_text":""}}],"media_type":"images","media_position":"right","images":[{"image":1361,"tablet_image":"","mobile_image":""}],"responsive_video":{"":null,"video":{"video_type":"none","mp4_file":null,"webm_file":null},"tablet_video":{"video_type":"none","mp4_file":null,"webm_file":null},"mobile_video":{"video_type":"none","mp4_file":null,"webm_file":null}}},{"acf_fc_layout":"content_and_media","_acfe_flexible_toggle":"","background_colour":"grey","heading":"De Lisboa ao Porto e mais al\u00e9m","heading_small_text":"","subheading":"","content":"Peter e Chris fundaram os hot\u00e9is Bomporto em 2015 com o sonho de criar hot\u00e9is boutique com uma forte vertente de design, sem elitismos. Quase uma d\u00e9cada depois, os hot\u00e9is Bomporto tornaram-se numa casa para viajantes de todo o mundo que visitam Portugal. At\u00e9 agora, temos tr\u00eas hot\u00e9is deslumbrantes: o The Lumiares e o The Vintage, em Lisboa. E o The Rebello, no Porto. O que vem a seguir? Fique atento.","buttons":[{"button_options":{"display":"show","button_type":"link","link":{"title":"Os nossos hot\u00e9is","url":"https:\/\/bomportohotels.com\/pt-pt\/our-hotels\/","target":""},"location":"","email_address":"","subject":"","phone_number":"","file":null,"article":null,"popup":null,"link_text":""}}],"media_type":"images","media_position":"left","images":[{"image":1364,"tablet_image":"","mobile_image":""}],"responsive_video":{"":null,"video":{"video_type":"none","mp4_file":null,"webm_file":null},"tablet_video":{"video_type":"none","mp4_file":null,"webm_file":null},"mobile_video":{"video_type":"none","mp4_file":null,"webm_file":null}}},{"acf_fc_layout":"full_width_media","_acfe_flexible_toggle":"","section_heading":"Luxo sem luvas brancas","media_type":"images","images":[{"responsive_image":{"image":1730,"tablet_image":"","mobile_image":""},"caption":"Lumi Rooftop, ponto de encontro no quinto andar"},{"responsive_image":{"image":1355,"tablet_image":"","mobile_image":""},"caption":"V Rooftop - O seu ref\u00fagio escondido no cora\u00e7\u00e3o de Lisboa"}],"responsive_video":{"":null,"video":{"video_type":"mp4","mp4_file":1268,"webm_file":null},"tablet_video":{"video_type":"none","mp4_file":null,"webm_file":null},"mobile_video":{"video_type":"none","mp4_file":null,"webm_file":null}},"video_caption":"Optional video caption goes here"},{"acf_fc_layout":"content_and_media","_acfe_flexible_toggle":"","background_colour":"grey","heading":"CONSTRU\u00cdDO PARA O FUTURO","heading_small_text":"","subheading":"","content":"<span style=\"font-weight: 400;\">Entre quatro paredes, em qualquer piso, o grupo Bomporto baseia-se no respeito pelo patrim\u00f3nio que nos rodeia. Escolhemos dar vida a edif\u00edcios antigos, renovar com materiais sustent\u00e1veis e conceber hot\u00e9is que ser\u00e3o apreciados durante d\u00e9cadas. Tudo porque acreditamos em locais que est\u00e3o feitos para ficar.<\/span>","buttons":[{"button_options":{"display":"show","button_type":"link","link":{"title":"Saiba mais","url":"https:\/\/bomportohotels.com\/pt-pt\/about-us\/sustainability\/","target":""},"location":"","email_address":"","subject":"","phone_number":"","file":null,"article":null,"popup":null,"link_text":""}}],"media_type":"images","media_position":"right","images":[{"image":1367,"tablet_image":"","mobile_image":""}],"responsive_video":{"":null,"video":{"video_type":"none","mp4_file":null,"webm_file":null},"tablet_video":{"video_type":"none","mp4_file":null,"webm_file":null},"mobile_video":{"video_type":"none","mp4_file":null,"webm_file":null}}},{"acf_fc_layout":"content_and_media","_acfe_flexible_toggle":"","background_colour":"grey","heading":"OS NOSSOS FORNECEDORES","heading_small_text":"","subheading":"","content":"<span style=\"font-weight: 400;\">Sempre que poss\u00edvel, procuramos fornecedores locais para todos os nossos hot\u00e9is. Desde os produtos frescos que servimos nos nossos restaurantes a pequenos objetos nos quartos e pe\u00e7as de arte feitas \u00e0 medida, cada elemento conta uma hist\u00f3ria local.<\/span>","buttons":null,"media_type":"images","media_position":"left","images":[{"image":1370,"tablet_image":"","mobile_image":""}],"responsive_video":{"":null,"video":{"video_type":"none","mp4_file":null,"webm_file":null},"tablet_video":{"video_type":"none","mp4_file":null,"webm_file":null},"mobile_video":{"video_type":"none","mp4_file":null,"webm_file":null}}},{"acf_fc_layout":"content_and_media_alt","_acfe_flexible_toggle":"","heading":"JUNTE-SE \u00c0 EQUIPA BOMPORTO","heading_small_text":"","subheading":"","content":"<span style=\"font-weight: 400;\">Procuramos sempre que os melhores entre os melhores se juntem \u00e0 nossa equipa. Se \u00e9 proativo, cheio de personalidade, com gosto pelo atendimento ao p\u00fablico, entre em contacto connosco! Descubra as vagas e os benef\u00edcios de fazer parte da equipa Bomporto.<\/span>","buttons":[{"button_options":{"display":"show","button_type":"link","link":{"title":"Saiba mais","url":"https:\/\/bomportohotels.com\/pt-pt\/careers\/","target":""},"location":"","email_address":"","subject":"","phone_number":"","file":null,"article":null,"popup":null,"link_text":""}}],"media_type":"image","responsive_image":{"image":1786,"tablet_image":"","mobile_image":""},"responsive_video":{"":null,"video":{"video_type":"none","mp4_file":null,"webm_file":null},"tablet_video":{"video_type":"none","mp4_file":null,"webm_file":null},"mobile_video":{"video_type":"none","mp4_file":null,"webm_file":null}}}]},"yoast_head":"<!-- This site is optimized with the Yoast SEO plugin v27.5 - https:\/\/yoast.com\/product\/yoast-seo-wordpress\/ -->\n<title>[PT] About Us - Bomporto Hotels<\/title>\n<meta name=\"robots\" content=\"index, follow, max-snippet:-1, max-image-preview:large, max-video-preview:-1\" \/>\n<link rel=\"canonical\" href=\"https:\/\/bomportohotels.com\/pt-pt\/about-us\/\" \/>\n<meta property=\"og:locale\" content=\"pt_PT\" \/>\n<meta property=\"og:type\" content=\"article\" \/>\n<meta property=\"og:title\" content=\"[PT] About Us - Bomporto Hotels\" \/>\n<meta property=\"og:url\" content=\"https:\/\/bomportohotels.com\/pt-pt\/about-us\/\" \/>\n<meta property=\"og:site_name\" content=\"Bomporto Hotels\" \/>\n<meta property=\"article:modified_time\" content=\"2025-06-17T09:24:56+00:00\" \/>\n<meta name=\"twitter:card\" content=\"summary_large_image\" \/>\n<script type=\"application\/ld+json\" class=\"yoast-schema-graph\">{\"@context\":\"https:\\\/\\\/schema.org\",\"@graph\":[{\"@type\":\"WebPage\",\"@id\":\"https:\\\/\\\/bomportohotels.com\\\/pt-pt\\\/about-us\\\/\",\"url\":\"https:\\\/\\\/bomportohotels.com\\\/pt-pt\\\/about-us\\\/\",\"name\":\"[PT] About Us - Bomporto Hotels\",\"isPartOf\":{\"@id\":\"https:\\\/\\\/bomportohotels.com\\\/pt-pt\\\/#website\"},\"datePublished\":\"2024-07-15T13:17:29+00:00\",\"dateModified\":\"2025-06-17T09:24:56+00:00\",\"breadcrumb\":{\"@id\":\"https:\\\/\\\/bomportohotels.com\\\/pt-pt\\\/about-us\\\/#breadcrumb\"},\"inLanguage\":\"pt-PT\",\"potentialAction\":[{\"@type\":\"ReadAction\",\"target\":[\"https:\\\/\\\/bomportohotels.com\\\/pt-pt\\\/about-us\\\/\"]}]},{\"@type\":\"BreadcrumbList\",\"@id\":\"https:\\\/\\\/bomportohotels.com\\\/pt-pt\\\/about-us\\\/#breadcrumb\",\"itemListElement\":[{\"@type\":\"ListItem\",\"position\":1,\"name\":\"Home\",\"item\":\"https:\\\/\\\/bomportohotels.com\\\/pt-pt\\\/\"},{\"@type\":\"ListItem\",\"position\":2,\"name\":\"[PT] About Us\"}]},{\"@type\":\"WebSite\",\"@id\":\"https:\\\/\\\/bomportohotels.com\\\/pt-pt\\\/#website\",\"url\":\"https:\\\/\\\/bomportohotels.com\\\/pt-pt\\\/\",\"name\":\"Bomporto Hotels\",\"description\":\"\",\"potentialAction\":[{\"@type\":\"SearchAction\",\"target\":{\"@type\":\"EntryPoint\",\"urlTemplate\":\"https:\\\/\\\/bomportohotels.com\\\/pt-pt\\\/?s={search_term_string}\"},\"query-input\":{\"@type\":\"PropertyValueSpecification\",\"valueRequired\":true,\"valueName\":\"search_term_string\"}}],\"inLanguage\":\"pt-PT\"}]}<\/script>\n<!-- \/ Yoast SEO plugin. -->","yoast_head_json":{"title":"[PT] About Us - Bomporto Hotels","robots":{"index":"index","follow":"follow","max-snippet":"max-snippet:-1","max-image-preview":"max-image-preview:large","max-video-preview":"max-video-preview:-1"},"canonical":"https:\/\/bomportohotels.com\/pt-pt\/about-us\/","og_locale":"pt_PT","og_type":"article","og_title":"[PT] About Us - Bomporto Hotels","og_url":"https:\/\/bomportohotels.com\/pt-pt\/about-us\/","og_site_name":"Bomporto Hotels","article_modified_time":"2025-06-17T09:24:56+00:00","twitter_card":"summary_large_image","schema":{"@context":"https:\/\/schema.org","@graph":[{"@type":"WebPage","@id":"https:\/\/bomportohotels.com\/pt-pt\/about-us\/","url":"https:\/\/bomportohotels.com\/pt-pt\/about-us\/","name":"[PT] About Us - Bomporto Hotels","isPartOf":{"@id":"https:\/\/bomportohotels.com\/pt-pt\/#website"},"datePublished":"2024-07-15T13:17:29+00:00","dateModified":"2025-06-17T09:24:56+00:00","breadcrumb":{"@id":"https:\/\/bomportohotels.com\/pt-pt\/about-us\/#breadcrumb"},"inLanguage":"pt-PT","potentialAction":[{"@type":"ReadAction","target":["https:\/\/bomportohotels.com\/pt-pt\/about-us\/"]}]},{"@type":"BreadcrumbList","@id":"https:\/\/bomportohotels.com\/pt-pt\/about-us\/#breadcrumb","itemListElement":[{"@type":"ListItem","position":1,"name":"Home","item":"https:\/\/bomportohotels.com\/pt-pt\/"},{"@type":"ListItem","position":2,"name":"[PT] About Us"}]},{"@type":"WebSite","@id":"https:\/\/bomportohotels.com\/pt-pt\/#website","url":"https:\/\/bomportohotels.com\/pt-pt\/","name":"Bomporto Hotels","description":"","potentialAction":[{"@type":"SearchAction","target":{"@type":"EntryPoint","urlTemplate":"https:\/\/bomportohotels.com\/pt-pt\/?s={search_term_string}"},"query-input":{"@type":"PropertyValueSpecification","valueRequired":true,"valueName":"search_term_string"}}],"inLanguage":"pt-PT"}]}},"_links":{"self":[{"href":"https:\/\/bomportohotels.com\/pt-pt\/wp-json\/wp\/v2\/pages\/1438","targetHints":{"allow":["GET"]}}],"collection":[{"href":"https:\/\/bomportohotels.com\/pt-pt\/wp-json\/wp\/v2\/pages"}],"about":[{"href":"https:\/\/bomportohotels.com\/pt-pt\/wp-json\/wp\/v2\/types\/page"}],"author":[{"embeddable":true,"href":"https:\/\/bomportohotels.com\/pt-pt\/wp-json\/wp\/v2\/users\/1"}],"replies":[{"embeddable":true,"href":"https:\/\/bomportohotels.com\/pt-pt\/wp-json\/wp\/v2\/comments?post=1438"}],"version-history":[{"count":0,"href":"https:\/\/bomportohotels.com\/pt-pt\/wp-json\/wp\/v2\/pages\/1438\/revisions"}],"wp:attachment":[{"href":"https:\/\/bomportohotels.com\/pt-pt\/wp-json\/wp\/v2\/media?parent=1438"}],"curies":[{"name":"wp","href":"https:\/\/api.w.org\/{rel}","templated":true}]}}