	{"id":1443,"date":"2024-07-15T13:18:12","date_gmt":"2024-07-15T13:18:12","guid":{"rendered":"https:\/\/bomporto-hotels.local\/careers\/"},"modified":"2025-05-29T11:07:45","modified_gmt":"2025-05-29T11:07:45","slug":"careers","status":"publish","type":"page","link":"https:\/\/bomportohotels.com\/fr\/careers\/","title":{"rendered":"[FR] Careers"},"content":{"rendered":"","protected":false},"excerpt":{"rendered":"","protected":false},"author":1,"featured_media":0,"parent":0,"menu_order":0,"comment_status":"closed","ping_status":"closed","template":"","meta":{"_acf_changed":false},"class_list":["post-1443","page","type-page","status-publish","hentry"],"acf":{"modules":[{"acf_fc_layout":"hero","_acfe_flexible_toggle":"","size":"default","heading_width":"default","text_colour":"white","image_overlay_style":"black","overlay":0.35,"overlay_type":"title","overlay_title":"TRAVAILLEZ AVEC NOUS","overlay_logo":null,"overlay_accessibility_title":"","background_type":"images","images":[{"image":1785,"tablet_image":"","mobile_image":""}],"responsive_video":{"":null,"video":{"video_type":"none","mp4_file":null,"webm_file":null},"tablet_video":{"video_type":"none","mp4_file":null,"webm_file":null},"mobile_video":{"video_type":"none","mp4_file":null,"webm_file":null}}},{"acf_fc_layout":"content_and_media","_acfe_flexible_toggle":"","background_colour":"black","heading":"AVANTAGES DE TRAVAILLER AVEC NOUS","heading_small_text":"","subheading":"","content":"Un nouveau d\u00e9part dans un environnement 5 \u00e9toiles dans certaines des plus belles villes de notre pays. Un salaire g\u00e9n\u00e9reux, sup\u00e9rieur \u00e0 la moyenne nationale.\r\n\r\nUne s\u00e9rie d'excellents avantages, notamment :\r\n<ul>\r\n \t<li>une assurance maladie<\/li>\r\n \t<li>une formation continue<\/li>\r\n \t<li>des primes<\/li>\r\n \t<li>un programme de r\u00e9f\u00e9rence<\/li>\r\n \t<li>des indemnit\u00e9s et bien plus encore<\/li>\r\n<\/ul>\r\nUn endroit o\u00f9 l'on peut grandir, r\u00e9ussir et briller.","buttons":[{"button_options":{"display":"show","button_type":"link","link":{"title":"View Current Vacancies","url":"https:\/\/bomportohotels.com\/fr\/careers\/current-vacancies\/","target":""},"location":"","email_address":"","subject":"","phone_number":"","file":null,"article":null,"popup":null,"link_text":""}}],"media_type":"images","media_position":"right","images":[{"image":1575,"tablet_image":"","mobile_image":""}],"responsive_video":{"":null,"video":{"video_type":"none","mp4_file":null,"webm_file":null},"tablet_video":{"video_type":"none","mp4_file":null,"webm_file":null},"mobile_video":{"video_type":"none","mp4_file":null,"webm_file":null}}},{"acf_fc_layout":"content_and_media","_acfe_flexible_toggle":"","background_colour":"black","heading":"APPRENDRE TOUT EN TRAVAILLANT","heading_small_text":"","subheading":"","content":"Nous veillons \u00e0 ce que vous vous sentiez en s\u00e9curit\u00e9 et accompagn\u00e9 d\u00e8s le d\u00e9part. Notre programme Buddy vous permet d'avoir un mentor pour vous montrer la voie et vous guider dans votre int\u00e9gration. De plus, gr\u00e2ce \u00e0 une formation continue, vous continuerez \u00e0 apprendre dans un environnement 5 \u00e9toiles.\r\n\r\nApprendre, grandir et recevoir - tout cela en m\u00eame temps.","buttons":[{"button_options":{"display":"show","button_type":"link","link":{"title":"View Current Vacancies","url":"https:\/\/bomportohotels.com\/fr\/careers\/current-vacancies\/","target":""},"location":"","email_address":"","subject":"","phone_number":"","file":null,"article":null,"popup":null,"link_text":""}}],"media_type":"images","media_position":"left","images":[{"image":1585,"tablet_image":"","mobile_image":""}],"responsive_video":{"":null,"video":{"video_type":"none","mp4_file":null,"webm_file":null},"tablet_video":{"video_type":"none","mp4_file":null,"webm_file":null},"mobile_video":{"video_type":"none","mp4_file":null,"webm_file":null}}},{"acf_fc_layout":"articles","_acfe_flexible_toggle":"","background_colour":"black","heading":"TRAVAIL ET JEU","heading_small_text":"","subheading":"","content":"\u00c0 Bomporto, nous croyons en la cr\u00e9ation de moments inoubliables, non seulement pour nos h\u00f4tes, mais aussi pour notre \u00e9quipe.\r\n\r\nNous gardons les t\u00e2ches d\u00e9tendues tout en travaillant dur et en nous amusant en dehors du bureau. Qu'il s'agisse d'un \u00e9v\u00e9nement sur la plage, d'une activit\u00e9 de renforcement de l'esprit d'\u00e9quipe ou de la grande f\u00eate de No\u00ebl, il y a toujours du temps pour se d\u00e9tendre et passer de bons moments avec ses coll\u00e8gues.","buttons":[{"button_options":{"display":"show","button_type":"link","link":{"title":"View Current Vacancies","url":"https:\/\/bomportohotels.com\/fr\/careers\/current-vacancies\/","target":""},"location":"","email_address":"","subject":"","phone_number":"","file":null,"article":null,"popup":null,"link_text":""}}],"articles":[1488,1485,1479,1476]}]},"yoast_head":"<!-- This site is optimized with the Yoast SEO plugin v27.6 - https:\/\/yoast.com\/product\/yoast-seo-wordpress\/ -->\n<title>[FR] Careers - Bomporto Hotels<\/title>\n<meta name=\"robots\" content=\"index, follow, max-snippet:-1, max-image-preview:large, max-video-preview:-1\" \/>\n<link rel=\"canonical\" href=\"https:\/\/bomportohotels.com\/fr\/careers\/\" \/>\n<meta property=\"og:locale\" content=\"fr_FR\" \/>\n<meta property=\"og:type\" content=\"article\" \/>\n<meta property=\"og:title\" content=\"[FR] Careers - Bomporto Hotels\" \/>\n<meta property=\"og:url\" content=\"https:\/\/bomportohotels.com\/fr\/careers\/\" \/>\n<meta property=\"og:site_name\" content=\"Bomporto Hotels\" \/>\n<meta property=\"article:modified_time\" content=\"2025-05-29T11:07:45+00:00\" \/>\n<meta name=\"twitter:card\" content=\"summary_large_image\" \/>\n<script type=\"application\/ld+json\" class=\"yoast-schema-graph\">{\"@context\":\"https:\\\/\\\/schema.org\",\"@graph\":[{\"@type\":\"WebPage\",\"@id\":\"https:\\\/\\\/bomportohotels.com\\\/fr\\\/careers\\\/\",\"url\":\"https:\\\/\\\/bomportohotels.com\\\/fr\\\/careers\\\/\",\"name\":\"[FR] Careers - Bomporto Hotels\",\"isPartOf\":{\"@id\":\"https:\\\/\\\/bomportohotels.com\\\/fr\\\/#website\"},\"datePublished\":\"2024-07-15T13:18:12+00:00\",\"dateModified\":\"2025-05-29T11:07:45+00:00\",\"breadcrumb\":{\"@id\":\"https:\\\/\\\/bomportohotels.com\\\/fr\\\/careers\\\/#breadcrumb\"},\"inLanguage\":\"fr-FR\",\"potentialAction\":[{\"@type\":\"ReadAction\",\"target\":[\"https:\\\/\\\/bomportohotels.com\\\/fr\\\/careers\\\/\"]}]},{\"@type\":\"BreadcrumbList\",\"@id\":\"https:\\\/\\\/bomportohotels.com\\\/fr\\\/careers\\\/#breadcrumb\",\"itemListElement\":[{\"@type\":\"ListItem\",\"position\":1,\"name\":\"Home\",\"item\":\"https:\\\/\\\/bomportohotels.com\\\/fr\\\/\"},{\"@type\":\"ListItem\",\"position\":2,\"name\":\"[FR] Careers\"}]},{\"@type\":\"WebSite\",\"@id\":\"https:\\\/\\\/bomportohotels.com\\\/fr\\\/#website\",\"url\":\"https:\\\/\\\/bomportohotels.com\\\/fr\\\/\",\"name\":\"Bomporto Hotels\",\"description\":\"\",\"potentialAction\":[{\"@type\":\"SearchAction\",\"target\":{\"@type\":\"EntryPoint\",\"urlTemplate\":\"https:\\\/\\\/bomportohotels.com\\\/fr\\\/?s={search_term_string}\"},\"query-input\":{\"@type\":\"PropertyValueSpecification\",\"valueRequired\":true,\"valueName\":\"search_term_string\"}}],\"inLanguage\":\"fr-FR\"}]}<\/script>\n<!-- \/ Yoast SEO plugin. -->","yoast_head_json":{"title":"[FR] Careers - Bomporto Hotels","robots":{"index":"index","follow":"follow","max-snippet":"max-snippet:-1","max-image-preview":"max-image-preview:large","max-video-preview":"max-video-preview:-1"},"canonical":"https:\/\/bomportohotels.com\/fr\/careers\/","og_locale":"fr_FR","og_type":"article","og_title":"[FR] Careers - Bomporto Hotels","og_url":"https:\/\/bomportohotels.com\/fr\/careers\/","og_site_name":"Bomporto Hotels","article_modified_time":"2025-05-29T11:07:45+00:00","twitter_card":"summary_large_image","schema":{"@context":"https:\/\/schema.org","@graph":[{"@type":"WebPage","@id":"https:\/\/bomportohotels.com\/fr\/careers\/","url":"https:\/\/bomportohotels.com\/fr\/careers\/","name":"[FR] Careers - Bomporto Hotels","isPartOf":{"@id":"https:\/\/bomportohotels.com\/fr\/#website"},"datePublished":"2024-07-15T13:18:12+00:00","dateModified":"2025-05-29T11:07:45+00:00","breadcrumb":{"@id":"https:\/\/bomportohotels.com\/fr\/careers\/#breadcrumb"},"inLanguage":"fr-FR","potentialAction":[{"@type":"ReadAction","target":["https:\/\/bomportohotels.com\/fr\/careers\/"]}]},{"@type":"BreadcrumbList","@id":"https:\/\/bomportohotels.com\/fr\/careers\/#breadcrumb","itemListElement":[{"@type":"ListItem","position":1,"name":"Home","item":"https:\/\/bomportohotels.com\/fr\/"},{"@type":"ListItem","position":2,"name":"[FR] Careers"}]},{"@type":"WebSite","@id":"https:\/\/bomportohotels.com\/fr\/#website","url":"https:\/\/bomportohotels.com\/fr\/","name":"Bomporto Hotels","description":"","potentialAction":[{"@type":"SearchAction","target":{"@type":"EntryPoint","urlTemplate":"https:\/\/bomportohotels.com\/fr\/?s={search_term_string}"},"query-input":{"@type":"PropertyValueSpecification","valueRequired":true,"valueName":"search_term_string"}}],"inLanguage":"fr-FR"}]}},"_links":{"self":[{"href":"https:\/\/bomportohotels.com\/fr\/wp-json\/wp\/v2\/pages\/1443","targetHints":{"allow":["GET"]}}],"collection":[{"href":"https:\/\/bomportohotels.com\/fr\/wp-json\/wp\/v2\/pages"}],"about":[{"href":"https:\/\/bomportohotels.com\/fr\/wp-json\/wp\/v2\/types\/page"}],"author":[{"embeddable":true,"href":"https:\/\/bomportohotels.com\/fr\/wp-json\/wp\/v2\/users\/1"}],"replies":[{"embeddable":true,"href":"https:\/\/bomportohotels.com\/fr\/wp-json\/wp\/v2\/comments?post=1443"}],"version-history":[{"count":0,"href":"https:\/\/bomportohotels.com\/fr\/wp-json\/wp\/v2\/pages\/1443\/revisions"}],"wp:attachment":[{"href":"https:\/\/bomportohotels.com\/fr\/wp-json\/wp\/v2\/media?parent=1443"}],"curies":[{"name":"wp","href":"https:\/\/api.w.org\/{rel}","templated":true}]}}