	{"id":1440,"date":"2024-07-15T13:17:42","date_gmt":"2024-07-15T13:17:42","guid":{"rendered":"https:\/\/bomporto-hotels.local\/about-us\/sustainability\/"},"modified":"2025-05-29T11:02:56","modified_gmt":"2025-05-29T11:02:56","slug":"sustainability","status":"publish","type":"page","link":"https:\/\/bomportohotels.com\/fr\/about-us\/sustainability\/","title":{"rendered":"[FR] Sustainability"},"content":{"rendered":"","protected":false},"excerpt":{"rendered":"","protected":false},"author":1,"featured_media":0,"parent":1437,"menu_order":0,"comment_status":"closed","ping_status":"closed","template":"","meta":{"_acf_changed":false},"class_list":["post-1440","page","type-page","status-publish","hentry"],"acf":{"modules":[{"acf_fc_layout":"hero","_acfe_flexible_toggle":"","size":"default","heading_width":"default","text_colour":"black","image_overlay_style":"white","overlay":0.45,"overlay_type":"title","overlay_title":"CONSTRUITS POUR L'AVENIR","overlay_logo":null,"overlay_accessibility_title":"","background_type":"images","images":[{"image":1366,"tablet_image":"","mobile_image":""}],"responsive_video":{"":null,"video":{"video_type":"none","mp4_file":null,"webm_file":null},"tablet_video":{"video_type":"none","mp4_file":null,"webm_file":null},"mobile_video":{"video_type":"none","mp4_file":null,"webm_file":null}}},{"acf_fc_layout":"content_and_media","_acfe_flexible_toggle":"","background_colour":"grey","heading":"Notre engagement pour la plan\u00e8te","heading_small_text":"","subheading":"","content":"Notre travail \u00e9cologique commence avant m\u00eame que nous ayons franchi la porte. Nous choisissons de restaurer des biens historiques pour pr\u00e9server l'histoire, la culture et la plan\u00e8te. Et en plus ? Nous sommes heureux que vous ayez pos\u00e9 la question. Une \u00e9nergie 100 % renouvelable, des m\u00e9thodes de traitement de l'eau respectueuses de l'environnement, des produits recyclables et une esth\u00e9tique intemporelle qui transcende les tendances. Ce ne sont l\u00e0 que quelques-unes de nos actions en faveur de la plan\u00e8te. Nous d\u00e9veloppons chaque \u00e9l\u00e9ment de l'exp\u00e9rience Bomporto en fonction de son potentiel le plus \u00e9cologique, de la construction au choix du linge de lit.\r\n\r\n<span style=\"font-weight: 400;\">Vous voulez en savoir plus ? Consultez notre fiche d'information sur le d\u00e9veloppement durable.<\/span>","buttons":[{"button_options":{"display":"show","button_type":"file","link":{"title":"En savoir plus","url":"#","target":""},"location":"","email_address":"","subject":"","phone_number":"","file":1707,"article":null,"popup":null,"link_text":"Read More"}}],"media_type":"images","media_position":"right","images":[{"image":1384,"tablet_image":"","mobile_image":""}],"responsive_video":{"":null,"video":{"video_type":"none","mp4_file":null,"webm_file":null},"tablet_video":{"video_type":"none","mp4_file":null,"webm_file":null},"mobile_video":{"video_type":"none","mp4_file":null,"webm_file":null}}},{"acf_fc_layout":"content_and_media","_acfe_flexible_toggle":"","background_colour":"grey","heading":"Pour la communaut\u00e9","heading_small_text":"","subheading":"","content":"La communaut\u00e9 est essentielle pour le groupe Bomporto, de nos employ\u00e9s \u00e0 nos fournisseurs. C'est pourquoi la responsabilit\u00e9 sociale est une priorit\u00e9. Nous apportons notre soutien \u00e0 la fois au niveau mondial et au niveau local par les moyens suivants\r\n<ul>\r\n \t<li>Partenariat avec \u00ab Make a Wish \u00bb, une association qui aide les enfants souffrant de graves probl\u00e8mes de sant\u00e9.<\/li>\r\n \t<li>Nous faisons don de draps, de matelas et d'oreillers \u00e0 des organisations locales de soins palliatifs.<\/li>\r\n \t<li>Soutien \u00e0 \u00ab Just a Change \u00bb, une organisation \u00e0 but non lucratif bas\u00e9e \u00e0 Lisbonne qui \u0153uvre \u00e0 la r\u00e9novation d'orphelinats et de maisons de retraite.<\/li>\r\n \t<li>Nous parrainons \u00e9galement l'\u00e9quipe de baseball des Salgueiros Highlanders. Allez les Highlanders !<\/li>\r\n<\/ul>","buttons":null,"media_type":"images","media_position":"left","images":[{"image":1695,"tablet_image":"","mobile_image":""}],"responsive_video":{"":null,"video":{"video_type":"none","mp4_file":null,"webm_file":null},"tablet_video":{"video_type":"none","mp4_file":null,"webm_file":null},"mobile_video":{"video_type":"none","mp4_file":null,"webm_file":null}}},{"acf_fc_layout":"content_and_media","_acfe_flexible_toggle":"","background_colour":"grey","heading":"La collection Bomporto","heading_small_text":"","subheading":"Bienvenue dans le luxe d\u00e9contract\u00e9, \u00e0 la mani\u00e8re de Bomporto.","content":"Des h\u00e9bergements cinq \u00e9toiles au design unique, des spas, des restaurants \u00e9clectiques et des espaces fantastiques con\u00e7us pour que tout aventurier se sente comme chez lui. D\u00e9couvrez The Lumiares, The Vintage et The Rebello.","buttons":[{"button_options":{"display":"show","button_type":"link","link":{"title":"Nos h\u00f4tels","url":"https:\/\/bomportohotels.com\/fr\/our-hotels\/","target":""},"location":"","email_address":"","subject":"","phone_number":"","file":null,"article":null,"popup":null,"link_text":""}}],"media_type":"images","media_position":"right","images":[{"image":1765,"tablet_image":"","mobile_image":""}],"responsive_video":{"":null,"video":{"video_type":"none","mp4_file":null,"webm_file":null},"tablet_video":{"video_type":"none","mp4_file":null,"webm_file":null},"mobile_video":{"video_type":"none","mp4_file":null,"webm_file":null}}}]},"yoast_head":"<!-- This site is optimized with the Yoast SEO plugin v27.6 - https:\/\/yoast.com\/product\/yoast-seo-wordpress\/ -->\n<title>[FR] Sustainability - Bomporto Hotels<\/title>\n<meta name=\"robots\" content=\"index, follow, max-snippet:-1, max-image-preview:large, max-video-preview:-1\" \/>\n<link rel=\"canonical\" href=\"https:\/\/bomportohotels.com\/fr\/about-us\/sustainability\/\" \/>\n<meta property=\"og:locale\" content=\"fr_FR\" \/>\n<meta property=\"og:type\" content=\"article\" \/>\n<meta property=\"og:title\" content=\"[FR] Sustainability - Bomporto Hotels\" \/>\n<meta property=\"og:url\" content=\"https:\/\/bomportohotels.com\/fr\/about-us\/sustainability\/\" \/>\n<meta property=\"og:site_name\" content=\"Bomporto Hotels\" \/>\n<meta property=\"article:modified_time\" content=\"2025-05-29T11:02:56+00:00\" \/>\n<meta name=\"twitter:card\" content=\"summary_large_image\" \/>\n<script type=\"application\/ld+json\" class=\"yoast-schema-graph\">{\"@context\":\"https:\\\/\\\/schema.org\",\"@graph\":[{\"@type\":\"WebPage\",\"@id\":\"https:\\\/\\\/bomportohotels.com\\\/fr\\\/about-us\\\/sustainability\\\/\",\"url\":\"https:\\\/\\\/bomportohotels.com\\\/fr\\\/about-us\\\/sustainability\\\/\",\"name\":\"[FR] Sustainability - Bomporto Hotels\",\"isPartOf\":{\"@id\":\"https:\\\/\\\/bomportohotels.com\\\/fr\\\/#website\"},\"datePublished\":\"2024-07-15T13:17:42+00:00\",\"dateModified\":\"2025-05-29T11:02:56+00:00\",\"breadcrumb\":{\"@id\":\"https:\\\/\\\/bomportohotels.com\\\/fr\\\/about-us\\\/sustainability\\\/#breadcrumb\"},\"inLanguage\":\"fr-FR\",\"potentialAction\":[{\"@type\":\"ReadAction\",\"target\":[\"https:\\\/\\\/bomportohotels.com\\\/fr\\\/about-us\\\/sustainability\\\/\"]}]},{\"@type\":\"BreadcrumbList\",\"@id\":\"https:\\\/\\\/bomportohotels.com\\\/fr\\\/about-us\\\/sustainability\\\/#breadcrumb\",\"itemListElement\":[{\"@type\":\"ListItem\",\"position\":1,\"name\":\"Home\",\"item\":\"https:\\\/\\\/bomportohotels.com\\\/fr\\\/\"},{\"@type\":\"ListItem\",\"position\":2,\"name\":\"[FR] About Us\",\"item\":\"https:\\\/\\\/bomportohotels.com\\\/fr\\\/about-us\\\/\"},{\"@type\":\"ListItem\",\"position\":3,\"name\":\"[FR] Sustainability\"}]},{\"@type\":\"WebSite\",\"@id\":\"https:\\\/\\\/bomportohotels.com\\\/fr\\\/#website\",\"url\":\"https:\\\/\\\/bomportohotels.com\\\/fr\\\/\",\"name\":\"Bomporto Hotels\",\"description\":\"\",\"potentialAction\":[{\"@type\":\"SearchAction\",\"target\":{\"@type\":\"EntryPoint\",\"urlTemplate\":\"https:\\\/\\\/bomportohotels.com\\\/fr\\\/?s={search_term_string}\"},\"query-input\":{\"@type\":\"PropertyValueSpecification\",\"valueRequired\":true,\"valueName\":\"search_term_string\"}}],\"inLanguage\":\"fr-FR\"}]}<\/script>\n<!-- \/ Yoast SEO plugin. -->","yoast_head_json":{"title":"[FR] Sustainability - Bomporto Hotels","robots":{"index":"index","follow":"follow","max-snippet":"max-snippet:-1","max-image-preview":"max-image-preview:large","max-video-preview":"max-video-preview:-1"},"canonical":"https:\/\/bomportohotels.com\/fr\/about-us\/sustainability\/","og_locale":"fr_FR","og_type":"article","og_title":"[FR] Sustainability - Bomporto Hotels","og_url":"https:\/\/bomportohotels.com\/fr\/about-us\/sustainability\/","og_site_name":"Bomporto Hotels","article_modified_time":"2025-05-29T11:02:56+00:00","twitter_card":"summary_large_image","schema":{"@context":"https:\/\/schema.org","@graph":[{"@type":"WebPage","@id":"https:\/\/bomportohotels.com\/fr\/about-us\/sustainability\/","url":"https:\/\/bomportohotels.com\/fr\/about-us\/sustainability\/","name":"[FR] Sustainability - Bomporto Hotels","isPartOf":{"@id":"https:\/\/bomportohotels.com\/fr\/#website"},"datePublished":"2024-07-15T13:17:42+00:00","dateModified":"2025-05-29T11:02:56+00:00","breadcrumb":{"@id":"https:\/\/bomportohotels.com\/fr\/about-us\/sustainability\/#breadcrumb"},"inLanguage":"fr-FR","potentialAction":[{"@type":"ReadAction","target":["https:\/\/bomportohotels.com\/fr\/about-us\/sustainability\/"]}]},{"@type":"BreadcrumbList","@id":"https:\/\/bomportohotels.com\/fr\/about-us\/sustainability\/#breadcrumb","itemListElement":[{"@type":"ListItem","position":1,"name":"Home","item":"https:\/\/bomportohotels.com\/fr\/"},{"@type":"ListItem","position":2,"name":"[FR] About Us","item":"https:\/\/bomportohotels.com\/fr\/about-us\/"},{"@type":"ListItem","position":3,"name":"[FR] Sustainability"}]},{"@type":"WebSite","@id":"https:\/\/bomportohotels.com\/fr\/#website","url":"https:\/\/bomportohotels.com\/fr\/","name":"Bomporto Hotels","description":"","potentialAction":[{"@type":"SearchAction","target":{"@type":"EntryPoint","urlTemplate":"https:\/\/bomportohotels.com\/fr\/?s={search_term_string}"},"query-input":{"@type":"PropertyValueSpecification","valueRequired":true,"valueName":"search_term_string"}}],"inLanguage":"fr-FR"}]}},"_links":{"self":[{"href":"https:\/\/bomportohotels.com\/fr\/wp-json\/wp\/v2\/pages\/1440","targetHints":{"allow":["GET"]}}],"collection":[{"href":"https:\/\/bomportohotels.com\/fr\/wp-json\/wp\/v2\/pages"}],"about":[{"href":"https:\/\/bomportohotels.com\/fr\/wp-json\/wp\/v2\/types\/page"}],"author":[{"embeddable":true,"href":"https:\/\/bomportohotels.com\/fr\/wp-json\/wp\/v2\/users\/1"}],"replies":[{"embeddable":true,"href":"https:\/\/bomportohotels.com\/fr\/wp-json\/wp\/v2\/comments?post=1440"}],"version-history":[{"count":0,"href":"https:\/\/bomportohotels.com\/fr\/wp-json\/wp\/v2\/pages\/1440\/revisions"}],"up":[{"embeddable":true,"href":"https:\/\/bomportohotels.com\/fr\/wp-json\/wp\/v2\/pages\/1437"}],"wp:attachment":[{"href":"https:\/\/bomportohotels.com\/fr\/wp-json\/wp\/v2\/media?parent=1440"}],"curies":[{"name":"wp","href":"https:\/\/api.w.org\/{rel}","templated":true}]}}