	{"id":1437,"date":"2024-07-15T13:17:29","date_gmt":"2024-07-15T13:17:29","guid":{"rendered":"https:\/\/bomporto-hotels.local\/about-us\/"},"modified":"2025-06-17T09:22:32","modified_gmt":"2025-06-17T09:22:32","slug":"about-us","status":"publish","type":"page","link":"https:\/\/bomportohotels.com\/fr\/about-us\/","title":{"rendered":"[FR] About Us"},"content":{"rendered":"","protected":false},"excerpt":{"rendered":"","protected":false},"author":1,"featured_media":0,"parent":0,"menu_order":0,"comment_status":"closed","ping_status":"closed","template":"","meta":{"_acf_changed":false},"class_list":["post-1437","page","type-page","status-publish","hentry"],"acf":{"modules":[{"acf_fc_layout":"hero","_acfe_flexible_toggle":"","size":"default","heading_width":"default","text_colour":"black","image_overlay_style":"white","overlay":0.35,"overlay_type":"title","overlay_title":"UNE COMPAGNIE H\u00d4TELI\u00c8RE DE BIEN-\u00caTRE","overlay_logo":null,"overlay_accessibility_title":"","background_type":"images","images":[{"image":1806,"tablet_image":"","mobile_image":""}],"responsive_video":{"":null,"video":{"video_type":"none","mp4_file":null,"webm_file":null},"tablet_video":{"video_type":"none","mp4_file":null,"webm_file":null},"mobile_video":{"video_type":"none","mp4_file":null,"webm_file":null}}},{"acf_fc_layout":"wysiwyg_content","_acfe_flexible_toggle":"","heading":"","heading_small_text":"","subheading":"","content":"Nos h\u00f4tels sont bien plus que des briques et du mortier, ce sont des lieux authentiques qui transmettent des sentiments durables. Imaginez un h\u00e9bergement 5 \u00e9toiles avec un service 10 \u00e9toiles, un d\u00e9cor audacieux et contemporain qui c\u00e9l\u00e8bre la culture locale. Tout cela fait de nous une v\u00e9ritable destination de bien-\u00eatre.","buttons":null},{"acf_fc_layout":"content_and_media","_acfe_flexible_toggle":"","background_colour":"grey","heading":"L'excellence sans ego","heading_small_text":"","subheading":"","content":"Ind\u00e9pendamment de l'esth\u00e9tique soign\u00e9e, des \u0153uvres d'art, du mobilier personnalis\u00e9 et de l'artisanat local, il existe un style et un service de luxe d\u00e9contract\u00e9 qui est la marque de fabrique de Bomporto.\r\n\r\nJetez un coup d'\u0153il, explorez les chambres, les h\u00f4tels, les spas, les restaurants, les bars et les villes qui inspirent des centaines de s\u00e9jours uniques.","buttons":[{"button_options":{"display":"show","button_type":"link","link":{"title":"Nos h\u00f4tels","url":"https:\/\/bomportohotels.com\/fr\/our-hotels\/","target":""},"location":"","email_address":"","subject":"","phone_number":"","file":null,"article":null,"popup":null,"link_text":""}}],"media_type":"images","media_position":"right","images":[{"image":1360,"tablet_image":"","mobile_image":""}],"responsive_video":{"":null,"video":{"video_type":"none","mp4_file":null,"webm_file":null},"tablet_video":{"video_type":"none","mp4_file":null,"webm_file":null},"mobile_video":{"video_type":"none","mp4_file":null,"webm_file":null}}},{"acf_fc_layout":"content_and_media","_acfe_flexible_toggle":"","background_colour":"grey","heading":"De Lisbonne \u00e0 Porto et au-del\u00e0","heading_small_text":"","subheading":"","content":"Peter et Chris ont fond\u00e9 Bomporto Hotels en 2015 avec le r\u00eave de cr\u00e9er des h\u00f4tels de charme au design affirm\u00e9, sans \u00e9litisme.\r\n\r\nPr\u00e8s d'une d\u00e9cennie plus tard, les h\u00f4tels Bomporto sont devenus une maison pour les voyageurs du monde entier qui visitent le Portugal. Jusqu'\u00e0 pr\u00e9sent, nous avons trois h\u00f4tels \u00e9tonnants : The Lumiares et The Vintage \u00e0 Lisbonne, et The Rebello \u00e0 Porto. Quelle est la prochaine \u00e9tape ? Restez \u00e0 l'\u00e9coute.","buttons":[{"button_options":{"display":"show","button_type":"link","link":{"title":"Nos h\u00f4tels","url":"https:\/\/bomportohotels.com\/fr\/our-hotels\/","target":""},"location":"","email_address":"","subject":"","phone_number":"","file":null,"article":null,"popup":null,"link_text":""}}],"media_type":"images","media_position":"left","images":[{"image":1363,"tablet_image":"","mobile_image":""}],"responsive_video":{"":null,"video":{"video_type":"none","mp4_file":null,"webm_file":null},"tablet_video":{"video_type":"none","mp4_file":null,"webm_file":null},"mobile_video":{"video_type":"none","mp4_file":null,"webm_file":null}}},{"acf_fc_layout":"full_width_media","_acfe_flexible_toggle":"","section_heading":"Luxe sans gants blancs","media_type":"images","images":[{"responsive_image":{"image":1729,"tablet_image":"","mobile_image":""},"caption":"Le Lumi Rooftop, point de rencontre au cinqui\u00e8me \u00e9tage"},{"responsive_image":{"image":1354,"tablet_image":"","mobile_image":""},"caption":"V Rooftop - Votre refuge cach\u00e9 au c\u0153ur de Lisbonne"}],"responsive_video":{"":null,"video":{"video_type":"mp4","mp4_file":1267,"webm_file":null},"tablet_video":{"video_type":"none","mp4_file":null,"webm_file":null},"mobile_video":{"video_type":"none","mp4_file":null,"webm_file":null}},"video_caption":"Optional video caption goes here"},{"acf_fc_layout":"content_and_media","_acfe_flexible_toggle":"","background_colour":"grey","heading":"CONSTRUIT POUR L'AVENIR","heading_small_text":"","subheading":"Entre quatre murs, \u00e0 tous les \u00e9tages, le groupe Bomporto est fond\u00e9 sur le respect du patrimoine qui nous entoure.","content":"Nous choisissons de redonner vie \u00e0 des b\u00e2timents anciens, de r\u00e9nover avec des mat\u00e9riaux durables et de concevoir des h\u00f4tels qui seront appr\u00e9ci\u00e9s pendant des d\u00e9cennies. Tout cela parce que nous croyons en des lieux qui sont faits pour rester.","buttons":[{"button_options":{"display":"show","button_type":"link","link":{"title":"En savoir plus","url":"https:\/\/bomportohotels.com\/fr\/about-us\/sustainability\/","target":""},"location":"","email_address":"","subject":"","phone_number":"","file":null,"article":null,"popup":null,"link_text":""}}],"media_type":"images","media_position":"right","images":[{"image":1366,"tablet_image":"","mobile_image":""}],"responsive_video":{"":null,"video":{"video_type":"none","mp4_file":null,"webm_file":null},"tablet_video":{"video_type":"none","mp4_file":null,"webm_file":null},"mobile_video":{"video_type":"none","mp4_file":null,"webm_file":null}}},{"acf_fc_layout":"content_and_media","_acfe_flexible_toggle":"","background_colour":"grey","heading":"NOS FOURNISSEURS","heading_small_text":"","subheading":"","content":"Dans la mesure du possible, nous recherchons des fournisseurs locaux pour tous nos h\u00f4tels. Des produits frais servis dans nos restaurants aux petits objets dans les chambres, en passant par les \u0153uvres d'art personnalis\u00e9es, chaque \u00e9l\u00e9ment raconte une histoire locale.","buttons":null,"media_type":"images","media_position":"left","images":[{"image":1369,"tablet_image":"","mobile_image":""}],"responsive_video":{"":null,"video":{"video_type":"none","mp4_file":null,"webm_file":null},"tablet_video":{"video_type":"none","mp4_file":null,"webm_file":null},"mobile_video":{"video_type":"none","mp4_file":null,"webm_file":null}}},{"acf_fc_layout":"content_and_media_alt","_acfe_flexible_toggle":"","heading":"REJOINDRE L'\u00c9QUIPE BOMPORTO","heading_small_text":"","subheading":"","content":"Nous sommes toujours \u00e0 la recherche des meilleurs pour rejoindre notre \u00e9quipe. Si vous \u00eates proactif, plein de personnalit\u00e9 et que vous aimez le service \u00e0 la client\u00e8le, n'h\u00e9sitez pas \u00e0 nous contacter !\r\n\r\nD\u00e9couvrez les postes vacants et les avantages de faire partie de l'\u00e9quipe Bomporto.","buttons":[{"button_options":{"display":"show","button_type":"link","link":{"title":"En savoir plus","url":"https:\/\/bomportohotels.com\/fr\/careers\/","target":""},"location":"","email_address":"","subject":"","phone_number":"","file":null,"article":null,"popup":null,"link_text":""}}],"media_type":"image","responsive_image":{"image":1785,"tablet_image":"","mobile_image":""},"responsive_video":{"":null,"video":{"video_type":"none","mp4_file":null,"webm_file":null},"tablet_video":{"video_type":"none","mp4_file":null,"webm_file":null},"mobile_video":{"video_type":"none","mp4_file":null,"webm_file":null}}}]},"yoast_head":"<!-- This site is optimized with the Yoast SEO plugin v27.5 - https:\/\/yoast.com\/product\/yoast-seo-wordpress\/ -->\n<title>[FR] About Us - Bomporto Hotels<\/title>\n<meta name=\"robots\" content=\"index, follow, max-snippet:-1, max-image-preview:large, max-video-preview:-1\" \/>\n<link rel=\"canonical\" href=\"https:\/\/bomportohotels.com\/fr\/about-us\/\" \/>\n<meta property=\"og:locale\" content=\"fr_FR\" \/>\n<meta property=\"og:type\" content=\"article\" \/>\n<meta property=\"og:title\" content=\"[FR] About Us - Bomporto Hotels\" \/>\n<meta property=\"og:url\" content=\"https:\/\/bomportohotels.com\/fr\/about-us\/\" \/>\n<meta property=\"og:site_name\" content=\"Bomporto Hotels\" \/>\n<meta property=\"article:modified_time\" content=\"2025-06-17T09:22:32+00:00\" \/>\n<meta name=\"twitter:card\" content=\"summary_large_image\" \/>\n<script type=\"application\/ld+json\" class=\"yoast-schema-graph\">{\"@context\":\"https:\\\/\\\/schema.org\",\"@graph\":[{\"@type\":\"WebPage\",\"@id\":\"https:\\\/\\\/bomportohotels.com\\\/fr\\\/about-us\\\/\",\"url\":\"https:\\\/\\\/bomportohotels.com\\\/fr\\\/about-us\\\/\",\"name\":\"[FR] About Us - Bomporto Hotels\",\"isPartOf\":{\"@id\":\"https:\\\/\\\/bomportohotels.com\\\/fr\\\/#website\"},\"datePublished\":\"2024-07-15T13:17:29+00:00\",\"dateModified\":\"2025-06-17T09:22:32+00:00\",\"breadcrumb\":{\"@id\":\"https:\\\/\\\/bomportohotels.com\\\/fr\\\/about-us\\\/#breadcrumb\"},\"inLanguage\":\"fr-FR\",\"potentialAction\":[{\"@type\":\"ReadAction\",\"target\":[\"https:\\\/\\\/bomportohotels.com\\\/fr\\\/about-us\\\/\"]}]},{\"@type\":\"BreadcrumbList\",\"@id\":\"https:\\\/\\\/bomportohotels.com\\\/fr\\\/about-us\\\/#breadcrumb\",\"itemListElement\":[{\"@type\":\"ListItem\",\"position\":1,\"name\":\"Home\",\"item\":\"https:\\\/\\\/bomportohotels.com\\\/fr\\\/\"},{\"@type\":\"ListItem\",\"position\":2,\"name\":\"[FR] About Us\"}]},{\"@type\":\"WebSite\",\"@id\":\"https:\\\/\\\/bomportohotels.com\\\/fr\\\/#website\",\"url\":\"https:\\\/\\\/bomportohotels.com\\\/fr\\\/\",\"name\":\"Bomporto Hotels\",\"description\":\"\",\"potentialAction\":[{\"@type\":\"SearchAction\",\"target\":{\"@type\":\"EntryPoint\",\"urlTemplate\":\"https:\\\/\\\/bomportohotels.com\\\/fr\\\/?s={search_term_string}\"},\"query-input\":{\"@type\":\"PropertyValueSpecification\",\"valueRequired\":true,\"valueName\":\"search_term_string\"}}],\"inLanguage\":\"fr-FR\"}]}<\/script>\n<!-- \/ Yoast SEO plugin. -->","yoast_head_json":{"title":"[FR] About Us - Bomporto Hotels","robots":{"index":"index","follow":"follow","max-snippet":"max-snippet:-1","max-image-preview":"max-image-preview:large","max-video-preview":"max-video-preview:-1"},"canonical":"https:\/\/bomportohotels.com\/fr\/about-us\/","og_locale":"fr_FR","og_type":"article","og_title":"[FR] About Us - Bomporto Hotels","og_url":"https:\/\/bomportohotels.com\/fr\/about-us\/","og_site_name":"Bomporto Hotels","article_modified_time":"2025-06-17T09:22:32+00:00","twitter_card":"summary_large_image","schema":{"@context":"https:\/\/schema.org","@graph":[{"@type":"WebPage","@id":"https:\/\/bomportohotels.com\/fr\/about-us\/","url":"https:\/\/bomportohotels.com\/fr\/about-us\/","name":"[FR] About Us - Bomporto Hotels","isPartOf":{"@id":"https:\/\/bomportohotels.com\/fr\/#website"},"datePublished":"2024-07-15T13:17:29+00:00","dateModified":"2025-06-17T09:22:32+00:00","breadcrumb":{"@id":"https:\/\/bomportohotels.com\/fr\/about-us\/#breadcrumb"},"inLanguage":"fr-FR","potentialAction":[{"@type":"ReadAction","target":["https:\/\/bomportohotels.com\/fr\/about-us\/"]}]},{"@type":"BreadcrumbList","@id":"https:\/\/bomportohotels.com\/fr\/about-us\/#breadcrumb","itemListElement":[{"@type":"ListItem","position":1,"name":"Home","item":"https:\/\/bomportohotels.com\/fr\/"},{"@type":"ListItem","position":2,"name":"[FR] About Us"}]},{"@type":"WebSite","@id":"https:\/\/bomportohotels.com\/fr\/#website","url":"https:\/\/bomportohotels.com\/fr\/","name":"Bomporto Hotels","description":"","potentialAction":[{"@type":"SearchAction","target":{"@type":"EntryPoint","urlTemplate":"https:\/\/bomportohotels.com\/fr\/?s={search_term_string}"},"query-input":{"@type":"PropertyValueSpecification","valueRequired":true,"valueName":"search_term_string"}}],"inLanguage":"fr-FR"}]}},"_links":{"self":[{"href":"https:\/\/bomportohotels.com\/fr\/wp-json\/wp\/v2\/pages\/1437","targetHints":{"allow":["GET"]}}],"collection":[{"href":"https:\/\/bomportohotels.com\/fr\/wp-json\/wp\/v2\/pages"}],"about":[{"href":"https:\/\/bomportohotels.com\/fr\/wp-json\/wp\/v2\/types\/page"}],"author":[{"embeddable":true,"href":"https:\/\/bomportohotels.com\/fr\/wp-json\/wp\/v2\/users\/1"}],"replies":[{"embeddable":true,"href":"https:\/\/bomportohotels.com\/fr\/wp-json\/wp\/v2\/comments?post=1437"}],"version-history":[{"count":0,"href":"https:\/\/bomportohotels.com\/fr\/wp-json\/wp\/v2\/pages\/1437\/revisions"}],"wp:attachment":[{"href":"https:\/\/bomportohotels.com\/fr\/wp-json\/wp\/v2\/media?parent=1437"}],"curies":[{"name":"wp","href":"https:\/\/api.w.org\/{rel}","templated":true}]}}