	{"id":1460,"date":"2024-07-17T14:20:11","date_gmt":"2024-07-17T14:20:11","guid":{"rendered":"https:\/\/bomporto-hotels.local\/privacy-policy\/"},"modified":"2025-05-21T11:45:08","modified_gmt":"2025-05-21T11:45:08","slug":"privacy-policy","status":"publish","type":"page","link":"https:\/\/bomportohotels.com\/es\/privacy-policy\/","title":{"rendered":"[ES] Privacy Policy"},"content":{"rendered":"","protected":false},"excerpt":{"rendered":"","protected":false},"author":1,"featured_media":0,"parent":0,"menu_order":0,"comment_status":"closed","ping_status":"closed","template":"","meta":{"_acf_changed":false},"class_list":["post-1460","page","type-page","status-publish","hentry"],"acf":{"modules":[{"acf_fc_layout":"wysiwyg_content","_acfe_flexible_toggle":"","heading":"Pol\u00edtica de Privacidad","heading_small_text":"","subheading":"","content":"Este sitio web (\u201csitio\u201d) es operado por Bomporto Hotels (\u201cBomporto\u201d), una empresa registrada en Portugal con el n\u00famero 513766790, con sede en Rua Di\u00e1rio de Not\u00edcias 138-142, 1200-146 Lisboa, Portugal. BOMPORTO se compromete a proteger su privacidad y se toma muy en serio sus responsabilidades en cuanto a la seguridad de la informaci\u00f3n de los clientes. Esta pol\u00edtica explica c\u00f3mo utilizamos la informaci\u00f3n de los clientes y c\u00f3mo protegemos su privacidad.\r\n\r\n<strong>1. \u00bfCu\u00e1ndo recopilamos datos sobre usted?<\/strong>\r\nRecopilamos datos sobre usted de las siguientes formas:\r\n<ul>\r\n \t<li>Cuando utiliza nuestro sitio web o aplicaci\u00f3n para hacer una reserva, solicitud o consulta.<\/li>\r\n \t<li>Cuando crea una cuenta de usuario\/empresa con nosotros.<\/li>\r\n \t<li>Cuando se suscribe a nuestra lista de correos electr\u00f3nicos.<\/li>\r\n \t<li>Cuando habla con un miembro del equipo del hotel por correo electr\u00f3nico, tel\u00e9fono o chat en vivo.<\/li>\r\n<\/ul>\r\n<strong>2. Informaci\u00f3n personal<\/strong>\r\nCuando solicita o reserva una habitaci\u00f3n\/apartamento con nosotros, necesitamos recopilar informaci\u00f3n personal para procesar la solicitud o reserva y proporcionarle el servicio esperado. Esta informaci\u00f3n puede incluir, entre otros datos, su nombre, datos de contacto, direcci\u00f3n y datos de su tarjeta de cr\u00e9dito\/d\u00e9bito. Podemos recopilar informaci\u00f3n adicional en relaci\u00f3n con su participaci\u00f3n en promociones o concursos organizados por nosotros y la informaci\u00f3n proporcionada al darnos su opini\u00f3n. Esta informaci\u00f3n se utiliza para mejorar continuamente nuestros servicios.\r\n\r\n<strong>3. Informaci\u00f3n anal\u00edtica<\/strong>\r\nUtilizamos software de an\u00e1lisis en el sitio web para comprender mejor las tendencias de nuestros clientes y mejorar el dise\u00f1o y la relevancia del sitio en su beneficio. Consulte \"Cookies\" y \"Seguimiento del sitio\" m\u00e1s adelante para obtener m\u00e1s informaci\u00f3n.\r\n\r\n<strong>4. \u00bfQu\u00e9 hacemos con su informaci\u00f3n personal?<\/strong>\r\nUsaremos su informaci\u00f3n para proporcionar y personalizar nuestros servicios. Tambi\u00e9n utilizaremos sus datos de contacto para comunicarnos con usted. Podemos utilizar su informaci\u00f3n para enviarle ofertas y novedades sobre nuestros hoteles, contact\u00e1ndole por correo, correo electr\u00f3nico o tel\u00e9fono (incluidos SMS). Sus datos tambi\u00e9n pueden utilizarse para verificaci\u00f3n de tarjetas de cr\u00e9dito o pagos, facturaci\u00f3n, an\u00e1lisis estad\u00edstico y de marketing, pruebas de sistemas, mantenimiento y desarrollo, encuestas de satisfacci\u00f3n, relaciones con clientes y personalizaci\u00f3n del servicio de acuerdo con sus preferencias.\r\n\r\n<strong>5. \u00bfVenden mi informaci\u00f3n a terceros?<\/strong>\r\nNo vendemos su informaci\u00f3n a terceros. Podemos permitir el acceso a su informaci\u00f3n a terceros que act\u00faen en nuestro nombre, tal como se detalla en esta pol\u00edtica.\r\n\r\n<strong>6. Boletines y nuevas ofertas<\/strong>\r\nAl suscribirse al servicio de boletines de BOMPORTO, recibir\u00e1 por correo electr\u00f3nico nuestras \u00faltimas novedades y ofertas especiales. Puede cancelar la suscripci\u00f3n en cualquier momento haciendo clic en el enlace de anulaci\u00f3n en el pie de p\u00e1gina de cada bolet\u00edn o contact\u00e1ndonos.\r\n\r\n<strong>7. Chat en vivo<\/strong>\r\nCuando inicia un chat en vivo, se le pedir\u00e1 que introduzca su nombre en el formato que prefiera. Mantenemos registros de estas conversaciones.\r\n\r\n<strong>8. Seguimiento del sitio<\/strong>\r\nUtilizamos software de seguimiento para monitorizar los patrones de tr\u00e1fico y el uso del sitio. Estas tecnolog\u00edas recopilan informaci\u00f3n t\u00e9cnica, como su direcci\u00f3n IP, sistema operativo, tipo y versi\u00f3n del navegador y sitio de referencia.\r\n\r\n<strong>9. Seguridad de su informaci\u00f3n<\/strong>\r\nSus datos de pago se transmiten de forma segura con cifrado de alto nivel. Seguimos procedimientos rigurosos en el almacenamiento y divulgaci\u00f3n de su informaci\u00f3n, en conformidad con la Ley de Protecci\u00f3n de Datos.\r\n\r\n<strong>10. Cookies<\/strong>\r\nLas cookies nos ayudan a mejorar su experiencia en el sitio. Puede configurar su navegador para rechazar cookies, pero esto puede afectar la funcionalidad del sitio. Tambi\u00e9n utilizamos Google Analytics para analizar el tr\u00e1fico del sitio.\r\n\r\n<strong>11. Divulgaci\u00f3n a terceros<\/strong>\r\nBOMPORTO no utilizar\u00e1 su informaci\u00f3n personal para otros fines distintos a los relacionados con nuestros servicios o seg\u00fan lo exija la ley. Podemos compartir informaci\u00f3n con empresas de nuestro grupo o socios involucrados en la gesti\u00f3n de pagos y reservas.\r\n\r\n<strong>12. Su consentimiento<\/strong>\r\nAl utilizar nuestros servicios y acceder a nuestro sitio, acepta la recopilaci\u00f3n y el uso de su informaci\u00f3n seg\u00fan lo descrito en esta pol\u00edtica de privacidad. Realizamos cambios en esta pol\u00edtica peri\u00f3dicamente y publicamos las modificaciones en esta p\u00e1gina.\r\nSi tiene alguna duda, cont\u00e1ctenos por tel\u00e9fono al +351 211 160 200 o por correo electr\u00f3nico en nr@bomportohotels.com.\r\nSi modificamos nuestra Pol\u00edtica de Privacidad, publicaremos esos cambios en esta p\u00e1gina para que el usuario siempre est\u00e9 al tanto de qu\u00e9 informaci\u00f3n recopilamos, c\u00f3mo la utilizamos y en qu\u00e9 circunstancias la divulgamos.","buttons":null}]},"yoast_head":"<!-- This site is optimized with the Yoast SEO plugin v27.5 - https:\/\/yoast.com\/product\/yoast-seo-wordpress\/ -->\n<title>[ES] Privacy Policy - Bomporto Hotels<\/title>\n<meta name=\"robots\" content=\"index, follow, max-snippet:-1, max-image-preview:large, max-video-preview:-1\" \/>\n<link rel=\"canonical\" href=\"https:\/\/bomportohotels.com\/es\/privacy-policy\/\" \/>\n<meta property=\"og:locale\" content=\"es_ES\" \/>\n<meta property=\"og:type\" content=\"article\" \/>\n<meta property=\"og:title\" content=\"[ES] Privacy Policy - Bomporto Hotels\" \/>\n<meta property=\"og:url\" content=\"https:\/\/bomportohotels.com\/es\/privacy-policy\/\" \/>\n<meta property=\"og:site_name\" content=\"Bomporto Hotels\" \/>\n<meta property=\"article:modified_time\" content=\"2025-05-21T11:45:08+00:00\" \/>\n<meta name=\"twitter:card\" content=\"summary_large_image\" \/>\n<script type=\"application\/ld+json\" class=\"yoast-schema-graph\">{\"@context\":\"https:\\\/\\\/schema.org\",\"@graph\":[{\"@type\":\"WebPage\",\"@id\":\"https:\\\/\\\/bomportohotels.com\\\/es\\\/privacy-policy\\\/\",\"url\":\"https:\\\/\\\/bomportohotels.com\\\/es\\\/privacy-policy\\\/\",\"name\":\"[ES] Privacy Policy - Bomporto Hotels\",\"isPartOf\":{\"@id\":\"https:\\\/\\\/bomportohotels.com\\\/es\\\/#website\"},\"datePublished\":\"2024-07-17T14:20:11+00:00\",\"dateModified\":\"2025-05-21T11:45:08+00:00\",\"breadcrumb\":{\"@id\":\"https:\\\/\\\/bomportohotels.com\\\/es\\\/privacy-policy\\\/#breadcrumb\"},\"inLanguage\":\"es\",\"potentialAction\":[{\"@type\":\"ReadAction\",\"target\":[\"https:\\\/\\\/bomportohotels.com\\\/es\\\/privacy-policy\\\/\"]}]},{\"@type\":\"BreadcrumbList\",\"@id\":\"https:\\\/\\\/bomportohotels.com\\\/es\\\/privacy-policy\\\/#breadcrumb\",\"itemListElement\":[{\"@type\":\"ListItem\",\"position\":1,\"name\":\"Home\",\"item\":\"https:\\\/\\\/bomportohotels.com\\\/es\\\/\"},{\"@type\":\"ListItem\",\"position\":2,\"name\":\"[ES] Privacy Policy\"}]},{\"@type\":\"WebSite\",\"@id\":\"https:\\\/\\\/bomportohotels.com\\\/es\\\/#website\",\"url\":\"https:\\\/\\\/bomportohotels.com\\\/es\\\/\",\"name\":\"Bomporto Hotels\",\"description\":\"\",\"potentialAction\":[{\"@type\":\"SearchAction\",\"target\":{\"@type\":\"EntryPoint\",\"urlTemplate\":\"https:\\\/\\\/bomportohotels.com\\\/es\\\/?s={search_term_string}\"},\"query-input\":{\"@type\":\"PropertyValueSpecification\",\"valueRequired\":true,\"valueName\":\"search_term_string\"}}],\"inLanguage\":\"es\"}]}<\/script>\n<!-- \/ Yoast SEO plugin. -->","yoast_head_json":{"title":"[ES] Privacy Policy - Bomporto Hotels","robots":{"index":"index","follow":"follow","max-snippet":"max-snippet:-1","max-image-preview":"max-image-preview:large","max-video-preview":"max-video-preview:-1"},"canonical":"https:\/\/bomportohotels.com\/es\/privacy-policy\/","og_locale":"es_ES","og_type":"article","og_title":"[ES] Privacy Policy - Bomporto Hotels","og_url":"https:\/\/bomportohotels.com\/es\/privacy-policy\/","og_site_name":"Bomporto Hotels","article_modified_time":"2025-05-21T11:45:08+00:00","twitter_card":"summary_large_image","schema":{"@context":"https:\/\/schema.org","@graph":[{"@type":"WebPage","@id":"https:\/\/bomportohotels.com\/es\/privacy-policy\/","url":"https:\/\/bomportohotels.com\/es\/privacy-policy\/","name":"[ES] Privacy Policy - Bomporto Hotels","isPartOf":{"@id":"https:\/\/bomportohotels.com\/es\/#website"},"datePublished":"2024-07-17T14:20:11+00:00","dateModified":"2025-05-21T11:45:08+00:00","breadcrumb":{"@id":"https:\/\/bomportohotels.com\/es\/privacy-policy\/#breadcrumb"},"inLanguage":"es","potentialAction":[{"@type":"ReadAction","target":["https:\/\/bomportohotels.com\/es\/privacy-policy\/"]}]},{"@type":"BreadcrumbList","@id":"https:\/\/bomportohotels.com\/es\/privacy-policy\/#breadcrumb","itemListElement":[{"@type":"ListItem","position":1,"name":"Home","item":"https:\/\/bomportohotels.com\/es\/"},{"@type":"ListItem","position":2,"name":"[ES] Privacy Policy"}]},{"@type":"WebSite","@id":"https:\/\/bomportohotels.com\/es\/#website","url":"https:\/\/bomportohotels.com\/es\/","name":"Bomporto Hotels","description":"","potentialAction":[{"@type":"SearchAction","target":{"@type":"EntryPoint","urlTemplate":"https:\/\/bomportohotels.com\/es\/?s={search_term_string}"},"query-input":{"@type":"PropertyValueSpecification","valueRequired":true,"valueName":"search_term_string"}}],"inLanguage":"es"}]}},"_links":{"self":[{"href":"https:\/\/bomportohotels.com\/es\/wp-json\/wp\/v2\/pages\/1460","targetHints":{"allow":["GET"]}}],"collection":[{"href":"https:\/\/bomportohotels.com\/es\/wp-json\/wp\/v2\/pages"}],"about":[{"href":"https:\/\/bomportohotels.com\/es\/wp-json\/wp\/v2\/types\/page"}],"author":[{"embeddable":true,"href":"https:\/\/bomportohotels.com\/es\/wp-json\/wp\/v2\/users\/1"}],"replies":[{"embeddable":true,"href":"https:\/\/bomportohotels.com\/es\/wp-json\/wp\/v2\/comments?post=1460"}],"version-history":[{"count":0,"href":"https:\/\/bomportohotels.com\/es\/wp-json\/wp\/v2\/pages\/1460\/revisions"}],"wp:attachment":[{"href":"https:\/\/bomportohotels.com\/es\/wp-json\/wp\/v2\/media?parent=1460"}],"curies":[{"name":"wp","href":"https:\/\/api.w.org\/{rel}","templated":true}]}}