	{"id":1457,"date":"2024-07-15T13:18:03","date_gmt":"2024-07-15T13:18:03","guid":{"rendered":"https:\/\/bomporto-hotels.local\/experiences-events\/"},"modified":"2025-06-17T10:29:44","modified_gmt":"2025-06-17T10:29:44","slug":"experiences-events","status":"publish","type":"page","link":"https:\/\/bomportohotels.com\/es\/experiences-events\/","title":{"rendered":"[ES] Experiences &#038; Events"},"content":{"rendered":"","protected":false},"excerpt":{"rendered":"","protected":false},"author":1,"featured_media":0,"parent":0,"menu_order":0,"comment_status":"closed","ping_status":"closed","template":"","meta":{"_acf_changed":false},"class_list":["post-1457","page","type-page","status-publish","hentry"],"acf":{"modules":[{"acf_fc_layout":"hero","_acfe_flexible_toggle":"","size":"default","heading_width":"wide","text_colour":"black","image_overlay_style":"white","overlay":0.35,"overlay_type":"title","overlay_title":"REUNIONES, CELEBRACIONES O COMIDAS","overlay_logo":null,"overlay_accessibility_title":"","background_type":"images","images":[{"image":1263,"tablet_image":"","mobile_image":""}],"responsive_video":{"":null,"video":{"video_type":"none","mp4_file":null,"webm_file":null},"tablet_video":{"video_type":"none","mp4_file":null,"webm_file":null},"mobile_video":{"video_type":"none","mp4_file":null,"webm_file":null}}},{"acf_fc_layout":"content_and_media","_acfe_flexible_toggle":"","background_colour":"grey","heading":"Trabajo o ocio","heading_small_text":"","subheading":"\u00bfEst\u00e1 organizando una jornada de trabajo fuera de la oficina o una fiesta de empresa? Disponemos de los locales y las opciones de catering para que su evento alcance un nivel superior.","content":"Reserve una sala o m\u00e1s salas, ya sea por unas horas o por varios d\u00edas. Sea cual sea el plan, convi\u00e9rtalo en un acontecimiento memorable.","buttons":null,"media_type":"images","media_position":"right","images":[{"image":1314,"tablet_image":"","mobile_image":""}],"responsive_video":{"":null,"video":{"video_type":"none","mp4_file":null,"webm_file":null},"tablet_video":{"video_type":"none","mp4_file":null,"webm_file":null},"mobile_video":{"video_type":"none","mp4_file":null,"webm_file":null}}},{"acf_fc_layout":"full_width_media","_acfe_flexible_toggle":"","section_heading":"","media_type":"images","images":[{"responsive_image":{"image":1344,"tablet_image":"","mobile_image":""},"caption":""},{"responsive_image":{"image":1266,"tablet_image":"","mobile_image":""},"caption":""},{"responsive_image":{"image":1263,"tablet_image":"","mobile_image":""},"caption":""}],"responsive_video":{"":null,"video":{"video_type":"none","mp4_file":null,"webm_file":null},"tablet_video":{"video_type":"none","mp4_file":null,"webm_file":null},"mobile_video":{"video_type":"none","mp4_file":null,"webm_file":null}},"video_caption":""},{"acf_fc_layout":"content_and_media","_acfe_flexible_toggle":"","background_colour":"pink","heading":"The Lumiares","heading_small_text":"(LIS)","subheading":"Es en la capital portuguesa donde se encuentra el hotel primog\u00e9nito del grupo, The Lumiares.","content":"Nuestras Mezzanines y Penthouses tambi\u00e9n funcionan como elegantes salas de reuniones, perfectas para encuentros \u00edntimos o c\u00f3cteles de hasta 25 personas. Para eventos de mayor envergadura, la escalera original del siglo XVIII, con una l\u00e1mpara de ara\u00f1a de bronce, ofrece un escenario deslumbrante para recibir hasta 70 invitados.","buttons":[{"button_options":{"display":"show","button_type":"link","link":{"title":"M\u00e1s informaci\u00f3n","url":"https:\/\/www.thelumiares.com\/whats-on\/","target":"_blank"},"location":"","email_address":"","subject":"","phone_number":"","file":null,"article":null,"popup":null,"link_text":""}}],"media_type":"images","media_position":"left","images":[{"image":1817,"tablet_image":"","mobile_image":""}],"responsive_video":{"":null,"video":{"video_type":"none","mp4_file":null,"webm_file":null},"tablet_video":{"video_type":"none","mp4_file":null,"webm_file":null},"mobile_video":{"video_type":"none","mp4_file":null,"webm_file":null}}},{"acf_fc_layout":"content_and_media","_acfe_flexible_toggle":"","background_colour":"green","heading":"The Vintage","heading_small_text":"(LIS)","subheading":"A pocos pasos de The Lumiares, cerca de la Avenida da Liberdade, se encuentra The Vintage.","content":"Nuestro espacio Pr\u00edncipe Real combina estilo y versatilidad, con capacidad para hasta 80 invitados. Tambi\u00e9n puede dividirse en dos salas, ideales para recepciones m\u00e1s \u00edntimas o reuniones de negocios, todo ello con la est\u00e9tica vintage que define el hotel. Para un almuerzo de equipo o una copa al final del d\u00eda, tanto Blue Bistrot como V Rooftop est\u00e1n igualmente disponibles para eventos.","buttons":[{"button_options":{"display":"show","button_type":"link","link":{"title":"M\u00e1s informaci\u00f3n","url":"https:\/\/www.thevintagelisbon.com\/events\/","target":"_blank"},"location":"","email_address":"","subject":"","phone_number":"","file":null,"article":null,"popup":null,"link_text":""}}],"media_type":"images","media_position":"right","images":[{"image":1350,"tablet_image":"","mobile_image":""}],"responsive_video":{"":null,"video":{"video_type":"none","mp4_file":null,"webm_file":null},"tablet_video":{"video_type":"none","mp4_file":null,"webm_file":null},"mobile_video":{"video_type":"none","mp4_file":null,"webm_file":null}}},{"acf_fc_layout":"content_and_media","_acfe_flexible_toggle":"","background_colour":"cream","heading":"The Rebello","heading_small_text":"(OPO)","subheading":"Ubicado a orillas del r\u00edo Duero, The Rebello presenta un dise\u00f1o audaz cuyo encanto se extiende a las salas de reuniones.","content":"\u00bfEst\u00e1 organizando un lanzamiento de producto, una reuni\u00f3n fuera de la oficina o simplemente necesita una sala por unas horas? Contamos con un espacio para eventos vers\u00e1til, con acceso al jard\u00edn para inspirar al equipo, y ofrecemos desde aperitivos sencillos hasta almuerzos cuidadosamente elaborados.","buttons":[{"button_options":{"display":"show","button_type":"link","link":{"title":"M\u00e1s informaci\u00f3n","url":"https:\/\/www.therebello.com\/meetings-and-events\/","target":"_blank"},"location":"","email_address":"","subject":"","phone_number":"","file":null,"article":null,"popup":null,"link_text":""}}],"media_type":"images","media_position":"left","images":[{"image":1350,"tablet_image":"","mobile_image":""}],"responsive_video":{"":null,"video":{"video_type":"none","mp4_file":null,"webm_file":null},"tablet_video":{"video_type":"none","mp4_file":null,"webm_file":null},"mobile_video":{"video_type":"none","mp4_file":null,"webm_file":null}}},{"acf_fc_layout":"enquiry_form","_acfe_flexible_toggle":"","heading":"Contacto"}]},"yoast_head":"<!-- This site is optimized with the Yoast SEO plugin v27.5 - https:\/\/yoast.com\/product\/yoast-seo-wordpress\/ -->\n<title>[ES] Experiences &amp; Events - Bomporto Hotels<\/title>\n<meta name=\"robots\" content=\"index, follow, max-snippet:-1, max-image-preview:large, max-video-preview:-1\" \/>\n<link rel=\"canonical\" href=\"https:\/\/bomportohotels.com\/es\/experiences-events\/\" \/>\n<meta property=\"og:locale\" content=\"es_ES\" \/>\n<meta property=\"og:type\" content=\"article\" \/>\n<meta property=\"og:title\" content=\"[ES] Experiences &amp; Events - Bomporto Hotels\" \/>\n<meta property=\"og:url\" content=\"https:\/\/bomportohotels.com\/es\/experiences-events\/\" \/>\n<meta property=\"og:site_name\" content=\"Bomporto Hotels\" \/>\n<meta property=\"article:modified_time\" content=\"2025-06-17T10:29:44+00:00\" \/>\n<meta name=\"twitter:card\" content=\"summary_large_image\" \/>\n<script type=\"application\/ld+json\" class=\"yoast-schema-graph\">{\"@context\":\"https:\\\/\\\/schema.org\",\"@graph\":[{\"@type\":\"WebPage\",\"@id\":\"https:\\\/\\\/bomportohotels.com\\\/es\\\/experiences-events\\\/\",\"url\":\"https:\\\/\\\/bomportohotels.com\\\/es\\\/experiences-events\\\/\",\"name\":\"[ES] Experiences & Events - Bomporto Hotels\",\"isPartOf\":{\"@id\":\"https:\\\/\\\/bomportohotels.com\\\/es\\\/#website\"},\"datePublished\":\"2024-07-15T13:18:03+00:00\",\"dateModified\":\"2025-06-17T10:29:44+00:00\",\"breadcrumb\":{\"@id\":\"https:\\\/\\\/bomportohotels.com\\\/es\\\/experiences-events\\\/#breadcrumb\"},\"inLanguage\":\"es\",\"potentialAction\":[{\"@type\":\"ReadAction\",\"target\":[\"https:\\\/\\\/bomportohotels.com\\\/es\\\/experiences-events\\\/\"]}]},{\"@type\":\"BreadcrumbList\",\"@id\":\"https:\\\/\\\/bomportohotels.com\\\/es\\\/experiences-events\\\/#breadcrumb\",\"itemListElement\":[{\"@type\":\"ListItem\",\"position\":1,\"name\":\"Home\",\"item\":\"https:\\\/\\\/bomportohotels.com\\\/es\\\/\"},{\"@type\":\"ListItem\",\"position\":2,\"name\":\"[ES] Experiences &#038; Events\"}]},{\"@type\":\"WebSite\",\"@id\":\"https:\\\/\\\/bomportohotels.com\\\/es\\\/#website\",\"url\":\"https:\\\/\\\/bomportohotels.com\\\/es\\\/\",\"name\":\"Bomporto Hotels\",\"description\":\"\",\"potentialAction\":[{\"@type\":\"SearchAction\",\"target\":{\"@type\":\"EntryPoint\",\"urlTemplate\":\"https:\\\/\\\/bomportohotels.com\\\/es\\\/?s={search_term_string}\"},\"query-input\":{\"@type\":\"PropertyValueSpecification\",\"valueRequired\":true,\"valueName\":\"search_term_string\"}}],\"inLanguage\":\"es\"}]}<\/script>\n<!-- \/ Yoast SEO plugin. -->","yoast_head_json":{"title":"[ES] Experiences & Events - Bomporto Hotels","robots":{"index":"index","follow":"follow","max-snippet":"max-snippet:-1","max-image-preview":"max-image-preview:large","max-video-preview":"max-video-preview:-1"},"canonical":"https:\/\/bomportohotels.com\/es\/experiences-events\/","og_locale":"es_ES","og_type":"article","og_title":"[ES] Experiences & Events - Bomporto Hotels","og_url":"https:\/\/bomportohotels.com\/es\/experiences-events\/","og_site_name":"Bomporto Hotels","article_modified_time":"2025-06-17T10:29:44+00:00","twitter_card":"summary_large_image","schema":{"@context":"https:\/\/schema.org","@graph":[{"@type":"WebPage","@id":"https:\/\/bomportohotels.com\/es\/experiences-events\/","url":"https:\/\/bomportohotels.com\/es\/experiences-events\/","name":"[ES] Experiences & Events - Bomporto Hotels","isPartOf":{"@id":"https:\/\/bomportohotels.com\/es\/#website"},"datePublished":"2024-07-15T13:18:03+00:00","dateModified":"2025-06-17T10:29:44+00:00","breadcrumb":{"@id":"https:\/\/bomportohotels.com\/es\/experiences-events\/#breadcrumb"},"inLanguage":"es","potentialAction":[{"@type":"ReadAction","target":["https:\/\/bomportohotels.com\/es\/experiences-events\/"]}]},{"@type":"BreadcrumbList","@id":"https:\/\/bomportohotels.com\/es\/experiences-events\/#breadcrumb","itemListElement":[{"@type":"ListItem","position":1,"name":"Home","item":"https:\/\/bomportohotels.com\/es\/"},{"@type":"ListItem","position":2,"name":"[ES] Experiences &#038; Events"}]},{"@type":"WebSite","@id":"https:\/\/bomportohotels.com\/es\/#website","url":"https:\/\/bomportohotels.com\/es\/","name":"Bomporto Hotels","description":"","potentialAction":[{"@type":"SearchAction","target":{"@type":"EntryPoint","urlTemplate":"https:\/\/bomportohotels.com\/es\/?s={search_term_string}"},"query-input":{"@type":"PropertyValueSpecification","valueRequired":true,"valueName":"search_term_string"}}],"inLanguage":"es"}]}},"_links":{"self":[{"href":"https:\/\/bomportohotels.com\/es\/wp-json\/wp\/v2\/pages\/1457","targetHints":{"allow":["GET"]}}],"collection":[{"href":"https:\/\/bomportohotels.com\/es\/wp-json\/wp\/v2\/pages"}],"about":[{"href":"https:\/\/bomportohotels.com\/es\/wp-json\/wp\/v2\/types\/page"}],"author":[{"embeddable":true,"href":"https:\/\/bomportohotels.com\/es\/wp-json\/wp\/v2\/users\/1"}],"replies":[{"embeddable":true,"href":"https:\/\/bomportohotels.com\/es\/wp-json\/wp\/v2\/comments?post=1457"}],"version-history":[{"count":0,"href":"https:\/\/bomportohotels.com\/es\/wp-json\/wp\/v2\/pages\/1457\/revisions"}],"wp:attachment":[{"href":"https:\/\/bomportohotels.com\/es\/wp-json\/wp\/v2\/media?parent=1457"}],"curies":[{"name":"wp","href":"https:\/\/api.w.org\/{rel}","templated":true}]}}