	{"id":1451,"date":"2024-07-15T13:19:34","date_gmt":"2024-07-15T13:19:34","guid":{"rendered":"https:\/\/bomporto-hotels.local\/contact-us\/"},"modified":"2025-06-17T09:50:19","modified_gmt":"2025-06-17T09:50:19","slug":"contact-us","status":"publish","type":"page","link":"https:\/\/bomportohotels.com\/es\/contact-us\/","title":{"rendered":"[ES] Contact Us"},"content":{"rendered":"","protected":false},"excerpt":{"rendered":"","protected":false},"author":1,"featured_media":0,"parent":0,"menu_order":0,"comment_status":"closed","ping_status":"closed","template":"","meta":{"_acf_changed":false},"class_list":["post-1451","page","type-page","status-publish","hentry"],"acf":{"modules":[{"acf_fc_layout":"hero","_acfe_flexible_toggle":"","size":"default","heading_width":"default","text_colour":"black","image_overlay_style":"white","overlay":0.35,"overlay_type":"title","overlay_title":"ENTRE EN CONTACTO","overlay_logo":null,"overlay_accessibility_title":"","background_type":"images","images":[{"image":1353,"tablet_image":"","mobile_image":""}],"responsive_video":{"":null,"video":{"video_type":"none","mp4_file":null,"webm_file":null},"tablet_video":{"video_type":"none","mp4_file":null,"webm_file":null},"mobile_video":{"video_type":"none","mp4_file":null,"webm_file":null}}},{"acf_fc_layout":"enquiry_form","_acfe_flexible_toggle":"","heading":"CONTACTO"},{"acf_fc_layout":"content_columns","_acfe_flexible_toggle":"","background_colour":"grey","section_heading":"","columns":[{"heading":"General Enquiries","heading_small_text":"","subheading":"","content":"I. <a href=\"mailto:info@bomportohotels.com\">info@bomportohotels.com<\/a>","buttons":null},{"heading":"Marketing & Press Enquiries","heading_small_text":"","subheading":"","content":"I. <a href=\"mailto:press@bomportohotels.com\">press@bomportohotels.com<\/a>","buttons":null},{"heading":"Careers Enquiries","heading_small_text":"","subheading":"","content":"","buttons":[{"button_options":{"display":"show","button_type":"link","link":{"title":"[EN] Current Vacancies","url":"https:\/\/bomportohotels.com\/es\/careers\/current-vacancies\/","target":""},"location":"","email_address":"","subject":"","phone_number":"","file":null,"article":null,"popup":null,"link_text":""}}]}]},{"acf_fc_layout":"content_and_media","_acfe_flexible_toggle":"","background_colour":"grey","heading":"La colecci\u00f3n Bomporto","heading_small_text":"","subheading":"Lujo relajado al estilo Bomporto.","content":"Alojamientos de cinco estrellas con un dise\u00f1o \u00fanico, spas, restaurantes ecl\u00e9cticos y espacios fant\u00e1sticos dise\u00f1ados para que cualquier aventurero se sienta como en casa en Portugal. Descubra The Lumiares, The Vintage y The Rebello.","buttons":[{"button_options":{"display":"show","button_type":"link","link":{"title":"Nuestros hoteles","url":"https:\/\/bomportohotels.com\/es\/our-hotels\/","target":""},"location":"","email_address":"","subject":"","phone_number":"","file":null,"article":null,"popup":null,"link_text":""}}],"media_type":"images","media_position":"right","images":[{"image":1739,"tablet_image":"","mobile_image":""}],"responsive_video":{"":null,"video":{"video_type":"none","mp4_file":null,"webm_file":null},"tablet_video":{"video_type":"none","mp4_file":null,"webm_file":null},"mobile_video":{"video_type":"none","mp4_file":null,"webm_file":null}}}]},"yoast_head":"<!-- This site is optimized with the Yoast SEO plugin v27.6 - https:\/\/yoast.com\/product\/yoast-seo-wordpress\/ -->\n<title>[ES] Contact Us - Bomporto Hotels<\/title>\n<meta name=\"robots\" content=\"index, follow, max-snippet:-1, max-image-preview:large, max-video-preview:-1\" \/>\n<link rel=\"canonical\" href=\"https:\/\/bomportohotels.com\/es\/contact-us\/\" \/>\n<meta property=\"og:locale\" content=\"es_ES\" \/>\n<meta property=\"og:type\" content=\"article\" \/>\n<meta property=\"og:title\" content=\"[ES] Contact Us - Bomporto Hotels\" \/>\n<meta property=\"og:url\" content=\"https:\/\/bomportohotels.com\/es\/contact-us\/\" \/>\n<meta property=\"og:site_name\" content=\"Bomporto Hotels\" \/>\n<meta property=\"article:modified_time\" content=\"2025-06-17T09:50:19+00:00\" \/>\n<meta name=\"twitter:card\" content=\"summary_large_image\" \/>\n<script type=\"application\/ld+json\" class=\"yoast-schema-graph\">{\"@context\":\"https:\\\/\\\/schema.org\",\"@graph\":[{\"@type\":\"WebPage\",\"@id\":\"https:\\\/\\\/bomportohotels.com\\\/es\\\/contact-us\\\/\",\"url\":\"https:\\\/\\\/bomportohotels.com\\\/es\\\/contact-us\\\/\",\"name\":\"[ES] Contact Us - Bomporto Hotels\",\"isPartOf\":{\"@id\":\"https:\\\/\\\/bomportohotels.com\\\/es\\\/#website\"},\"datePublished\":\"2024-07-15T13:19:34+00:00\",\"dateModified\":\"2025-06-17T09:50:19+00:00\",\"breadcrumb\":{\"@id\":\"https:\\\/\\\/bomportohotels.com\\\/es\\\/contact-us\\\/#breadcrumb\"},\"inLanguage\":\"es\",\"potentialAction\":[{\"@type\":\"ReadAction\",\"target\":[\"https:\\\/\\\/bomportohotels.com\\\/es\\\/contact-us\\\/\"]}]},{\"@type\":\"BreadcrumbList\",\"@id\":\"https:\\\/\\\/bomportohotels.com\\\/es\\\/contact-us\\\/#breadcrumb\",\"itemListElement\":[{\"@type\":\"ListItem\",\"position\":1,\"name\":\"Home\",\"item\":\"https:\\\/\\\/bomportohotels.com\\\/es\\\/\"},{\"@type\":\"ListItem\",\"position\":2,\"name\":\"[ES] Contact Us\"}]},{\"@type\":\"WebSite\",\"@id\":\"https:\\\/\\\/bomportohotels.com\\\/es\\\/#website\",\"url\":\"https:\\\/\\\/bomportohotels.com\\\/es\\\/\",\"name\":\"Bomporto Hotels\",\"description\":\"\",\"potentialAction\":[{\"@type\":\"SearchAction\",\"target\":{\"@type\":\"EntryPoint\",\"urlTemplate\":\"https:\\\/\\\/bomportohotels.com\\\/es\\\/?s={search_term_string}\"},\"query-input\":{\"@type\":\"PropertyValueSpecification\",\"valueRequired\":true,\"valueName\":\"search_term_string\"}}],\"inLanguage\":\"es\"}]}<\/script>\n<!-- \/ Yoast SEO plugin. -->","yoast_head_json":{"title":"[ES] Contact Us - Bomporto Hotels","robots":{"index":"index","follow":"follow","max-snippet":"max-snippet:-1","max-image-preview":"max-image-preview:large","max-video-preview":"max-video-preview:-1"},"canonical":"https:\/\/bomportohotels.com\/es\/contact-us\/","og_locale":"es_ES","og_type":"article","og_title":"[ES] Contact Us - Bomporto Hotels","og_url":"https:\/\/bomportohotels.com\/es\/contact-us\/","og_site_name":"Bomporto Hotels","article_modified_time":"2025-06-17T09:50:19+00:00","twitter_card":"summary_large_image","schema":{"@context":"https:\/\/schema.org","@graph":[{"@type":"WebPage","@id":"https:\/\/bomportohotels.com\/es\/contact-us\/","url":"https:\/\/bomportohotels.com\/es\/contact-us\/","name":"[ES] Contact Us - Bomporto Hotels","isPartOf":{"@id":"https:\/\/bomportohotels.com\/es\/#website"},"datePublished":"2024-07-15T13:19:34+00:00","dateModified":"2025-06-17T09:50:19+00:00","breadcrumb":{"@id":"https:\/\/bomportohotels.com\/es\/contact-us\/#breadcrumb"},"inLanguage":"es","potentialAction":[{"@type":"ReadAction","target":["https:\/\/bomportohotels.com\/es\/contact-us\/"]}]},{"@type":"BreadcrumbList","@id":"https:\/\/bomportohotels.com\/es\/contact-us\/#breadcrumb","itemListElement":[{"@type":"ListItem","position":1,"name":"Home","item":"https:\/\/bomportohotels.com\/es\/"},{"@type":"ListItem","position":2,"name":"[ES] Contact Us"}]},{"@type":"WebSite","@id":"https:\/\/bomportohotels.com\/es\/#website","url":"https:\/\/bomportohotels.com\/es\/","name":"Bomporto Hotels","description":"","potentialAction":[{"@type":"SearchAction","target":{"@type":"EntryPoint","urlTemplate":"https:\/\/bomportohotels.com\/es\/?s={search_term_string}"},"query-input":{"@type":"PropertyValueSpecification","valueRequired":true,"valueName":"search_term_string"}}],"inLanguage":"es"}]}},"_links":{"self":[{"href":"https:\/\/bomportohotels.com\/es\/wp-json\/wp\/v2\/pages\/1451","targetHints":{"allow":["GET"]}}],"collection":[{"href":"https:\/\/bomportohotels.com\/es\/wp-json\/wp\/v2\/pages"}],"about":[{"href":"https:\/\/bomportohotels.com\/es\/wp-json\/wp\/v2\/types\/page"}],"author":[{"embeddable":true,"href":"https:\/\/bomportohotels.com\/es\/wp-json\/wp\/v2\/users\/1"}],"replies":[{"embeddable":true,"href":"https:\/\/bomportohotels.com\/es\/wp-json\/wp\/v2\/comments?post=1451"}],"version-history":[{"count":0,"href":"https:\/\/bomportohotels.com\/es\/wp-json\/wp\/v2\/pages\/1451\/revisions"}],"wp:attachment":[{"href":"https:\/\/bomportohotels.com\/es\/wp-json\/wp\/v2\/media?parent=1451"}],"curies":[{"name":"wp","href":"https:\/\/api.w.org\/{rel}","templated":true}]}}