	{"id":1445,"date":"2024-07-15T13:18:12","date_gmt":"2024-07-15T13:18:12","guid":{"rendered":"https:\/\/bomporto-hotels.local\/careers\/"},"modified":"2025-05-29T11:07:50","modified_gmt":"2025-05-29T11:07:50","slug":"careers","status":"publish","type":"page","link":"https:\/\/bomportohotels.com\/es\/careers\/","title":{"rendered":"[ES] Careers"},"content":{"rendered":"","protected":false},"excerpt":{"rendered":"","protected":false},"author":1,"featured_media":0,"parent":0,"menu_order":0,"comment_status":"closed","ping_status":"closed","template":"","meta":{"_acf_changed":false},"class_list":["post-1445","page","type-page","status-publish","hentry"],"acf":{"modules":[{"acf_fc_layout":"hero","_acfe_flexible_toggle":"","size":"default","heading_width":"default","text_colour":"white","image_overlay_style":"black","overlay":0.35,"overlay_type":"title","overlay_title":"TRABAJA CON NOSOTROS","overlay_logo":null,"overlay_accessibility_title":"","background_type":"images","images":[{"image":1787,"tablet_image":"","mobile_image":""}],"responsive_video":{"":null,"video":{"video_type":"none","mp4_file":null,"webm_file":null},"tablet_video":{"video_type":"none","mp4_file":null,"webm_file":null},"mobile_video":{"video_type":"none","mp4_file":null,"webm_file":null}}},{"acf_fc_layout":"content_and_media","_acfe_flexible_toggle":"","background_colour":"black","heading":"VENTAJAS DE TRABAJAR CON NOSOTROS","heading_small_text":"","subheading":"","content":"Un nuevo comienzo en un entorno de 5 estrellas en algunas de las ciudades m\u00e1s bellas de nuestro pa\u00eds. Un salario generoso, por encima de la media nacional.\r\n\r\nUna serie de excelentes beneficios, entre los que se incluyen:\r\n<ul>\r\n \t<li>seguro m\u00e9dico<\/li>\r\n \t<li>formaci\u00f3n continua<\/li>\r\n \t<li>bonificaciones<\/li>\r\n \t<li>un programa de recomendaci\u00f3n<\/li>\r\n \t<li>dietas y mucho m\u00e1s<\/li>\r\n<\/ul>\r\nUn lugar donde crecer, triunfar y brillar.","buttons":[{"button_options":{"display":"show","button_type":"link","link":{"title":"View Current Vacancies","url":"https:\/\/bomportohotels.com\/es\/careers\/current-vacancies\/","target":""},"location":"","email_address":"","subject":"","phone_number":"","file":null,"article":null,"popup":null,"link_text":""}}],"media_type":"images","media_position":"right","images":[{"image":1577,"tablet_image":"","mobile_image":""}],"responsive_video":{"":null,"video":{"video_type":"none","mp4_file":null,"webm_file":null},"tablet_video":{"video_type":"none","mp4_file":null,"webm_file":null},"mobile_video":{"video_type":"none","mp4_file":null,"webm_file":null}}},{"acf_fc_layout":"content_and_media","_acfe_flexible_toggle":"","background_colour":"black","heading":"APRENDE MIENTRAS TRABAJAS","heading_small_text":"","subheading":"","content":"Nos aseguramos de que te sientas seguro y acompa\u00f1ado desde el principio. Nuestro programa Buddy se asegura de que tengas un mentor que te muestre el camino y te gu\u00ede mientras te integras. Adem\u00e1s, gracias a la formaci\u00f3n continua, seguir\u00e1s aprendiendo en un entorno de 5 estrellas.\r\n\r\nAprender, crecer y recibir, todo al mismo tiempo.","buttons":[{"button_options":{"display":"show","button_type":"link","link":{"title":"View Current Vacancies","url":"https:\/\/bomportohotels.com\/es\/careers\/current-vacancies\/","target":""},"location":"","email_address":"","subject":"","phone_number":"","file":null,"article":null,"popup":null,"link_text":""}}],"media_type":"images","media_position":"left","images":[{"image":1587,"tablet_image":"","mobile_image":""}],"responsive_video":{"":null,"video":{"video_type":"none","mp4_file":null,"webm_file":null},"tablet_video":{"video_type":"none","mp4_file":null,"webm_file":null},"mobile_video":{"video_type":"none","mp4_file":null,"webm_file":null}}},{"acf_fc_layout":"articles","_acfe_flexible_toggle":"","background_colour":"black","heading":"TRABAJAR Y DIVERTIRSE","heading_small_text":"","subheading":"","content":"En Bomporto, creemos en la creaci\u00f3n de momentos inolvidables - no s\u00f3lo para nuestros hu\u00e9spedes, sino tambi\u00e9n para nuestro equipo.\r\n\r\nMantenemos las tareas relajadas mientras trabajamos duro y tambi\u00e9n nos divertimos fuera de la oficina. Ya sea un evento en la playa, una actividad de team building o la gran fiesta de Navidad, siempre hay tiempo para relajar y disfrutar de buenos momentos con los compa\u00f1eros.","buttons":[{"button_options":{"display":"show","button_type":"link","link":{"title":"View Current Vacancies","url":"https:\/\/bomportohotels.com\/es\/careers\/current-vacancies\/","target":""},"location":"","email_address":"","subject":"","phone_number":"","file":null,"article":null,"popup":null,"link_text":""}}],"articles":[1490,1487,1481,1478]}]},"yoast_head":"<!-- This site is optimized with the Yoast SEO plugin v27.6 - https:\/\/yoast.com\/product\/yoast-seo-wordpress\/ -->\n<title>[ES] Careers - Bomporto Hotels<\/title>\n<meta name=\"robots\" content=\"index, follow, max-snippet:-1, max-image-preview:large, max-video-preview:-1\" \/>\n<link rel=\"canonical\" href=\"https:\/\/bomportohotels.com\/es\/careers\/\" \/>\n<meta property=\"og:locale\" content=\"es_ES\" \/>\n<meta property=\"og:type\" content=\"article\" \/>\n<meta property=\"og:title\" content=\"[ES] Careers - Bomporto Hotels\" \/>\n<meta property=\"og:url\" content=\"https:\/\/bomportohotels.com\/es\/careers\/\" \/>\n<meta property=\"og:site_name\" content=\"Bomporto Hotels\" \/>\n<meta property=\"article:modified_time\" content=\"2025-05-29T11:07:50+00:00\" \/>\n<meta name=\"twitter:card\" content=\"summary_large_image\" \/>\n<script type=\"application\/ld+json\" class=\"yoast-schema-graph\">{\"@context\":\"https:\\\/\\\/schema.org\",\"@graph\":[{\"@type\":\"WebPage\",\"@id\":\"https:\\\/\\\/bomportohotels.com\\\/es\\\/careers\\\/\",\"url\":\"https:\\\/\\\/bomportohotels.com\\\/es\\\/careers\\\/\",\"name\":\"[ES] Careers - Bomporto Hotels\",\"isPartOf\":{\"@id\":\"https:\\\/\\\/bomportohotels.com\\\/es\\\/#website\"},\"datePublished\":\"2024-07-15T13:18:12+00:00\",\"dateModified\":\"2025-05-29T11:07:50+00:00\",\"breadcrumb\":{\"@id\":\"https:\\\/\\\/bomportohotels.com\\\/es\\\/careers\\\/#breadcrumb\"},\"inLanguage\":\"es\",\"potentialAction\":[{\"@type\":\"ReadAction\",\"target\":[\"https:\\\/\\\/bomportohotels.com\\\/es\\\/careers\\\/\"]}]},{\"@type\":\"BreadcrumbList\",\"@id\":\"https:\\\/\\\/bomportohotels.com\\\/es\\\/careers\\\/#breadcrumb\",\"itemListElement\":[{\"@type\":\"ListItem\",\"position\":1,\"name\":\"Home\",\"item\":\"https:\\\/\\\/bomportohotels.com\\\/es\\\/\"},{\"@type\":\"ListItem\",\"position\":2,\"name\":\"[ES] Careers\"}]},{\"@type\":\"WebSite\",\"@id\":\"https:\\\/\\\/bomportohotels.com\\\/es\\\/#website\",\"url\":\"https:\\\/\\\/bomportohotels.com\\\/es\\\/\",\"name\":\"Bomporto Hotels\",\"description\":\"\",\"potentialAction\":[{\"@type\":\"SearchAction\",\"target\":{\"@type\":\"EntryPoint\",\"urlTemplate\":\"https:\\\/\\\/bomportohotels.com\\\/es\\\/?s={search_term_string}\"},\"query-input\":{\"@type\":\"PropertyValueSpecification\",\"valueRequired\":true,\"valueName\":\"search_term_string\"}}],\"inLanguage\":\"es\"}]}<\/script>\n<!-- \/ Yoast SEO plugin. -->","yoast_head_json":{"title":"[ES] Careers - Bomporto Hotels","robots":{"index":"index","follow":"follow","max-snippet":"max-snippet:-1","max-image-preview":"max-image-preview:large","max-video-preview":"max-video-preview:-1"},"canonical":"https:\/\/bomportohotels.com\/es\/careers\/","og_locale":"es_ES","og_type":"article","og_title":"[ES] Careers - Bomporto Hotels","og_url":"https:\/\/bomportohotels.com\/es\/careers\/","og_site_name":"Bomporto Hotels","article_modified_time":"2025-05-29T11:07:50+00:00","twitter_card":"summary_large_image","schema":{"@context":"https:\/\/schema.org","@graph":[{"@type":"WebPage","@id":"https:\/\/bomportohotels.com\/es\/careers\/","url":"https:\/\/bomportohotels.com\/es\/careers\/","name":"[ES] Careers - Bomporto Hotels","isPartOf":{"@id":"https:\/\/bomportohotels.com\/es\/#website"},"datePublished":"2024-07-15T13:18:12+00:00","dateModified":"2025-05-29T11:07:50+00:00","breadcrumb":{"@id":"https:\/\/bomportohotels.com\/es\/careers\/#breadcrumb"},"inLanguage":"es","potentialAction":[{"@type":"ReadAction","target":["https:\/\/bomportohotels.com\/es\/careers\/"]}]},{"@type":"BreadcrumbList","@id":"https:\/\/bomportohotels.com\/es\/careers\/#breadcrumb","itemListElement":[{"@type":"ListItem","position":1,"name":"Home","item":"https:\/\/bomportohotels.com\/es\/"},{"@type":"ListItem","position":2,"name":"[ES] Careers"}]},{"@type":"WebSite","@id":"https:\/\/bomportohotels.com\/es\/#website","url":"https:\/\/bomportohotels.com\/es\/","name":"Bomporto Hotels","description":"","potentialAction":[{"@type":"SearchAction","target":{"@type":"EntryPoint","urlTemplate":"https:\/\/bomportohotels.com\/es\/?s={search_term_string}"},"query-input":{"@type":"PropertyValueSpecification","valueRequired":true,"valueName":"search_term_string"}}],"inLanguage":"es"}]}},"_links":{"self":[{"href":"https:\/\/bomportohotels.com\/es\/wp-json\/wp\/v2\/pages\/1445","targetHints":{"allow":["GET"]}}],"collection":[{"href":"https:\/\/bomportohotels.com\/es\/wp-json\/wp\/v2\/pages"}],"about":[{"href":"https:\/\/bomportohotels.com\/es\/wp-json\/wp\/v2\/types\/page"}],"author":[{"embeddable":true,"href":"https:\/\/bomportohotels.com\/es\/wp-json\/wp\/v2\/users\/1"}],"replies":[{"embeddable":true,"href":"https:\/\/bomportohotels.com\/es\/wp-json\/wp\/v2\/comments?post=1445"}],"version-history":[{"count":0,"href":"https:\/\/bomportohotels.com\/es\/wp-json\/wp\/v2\/pages\/1445\/revisions"}],"wp:attachment":[{"href":"https:\/\/bomportohotels.com\/es\/wp-json\/wp\/v2\/media?parent=1445"}],"curies":[{"name":"wp","href":"https:\/\/api.w.org\/{rel}","templated":true}]}}