	{"id":1442,"date":"2024-07-15T13:17:42","date_gmt":"2024-07-15T13:17:42","guid":{"rendered":"https:\/\/bomporto-hotels.local\/about-us\/sustainability\/"},"modified":"2025-05-29T11:03:02","modified_gmt":"2025-05-29T11:03:02","slug":"sustainability","status":"publish","type":"page","link":"https:\/\/bomportohotels.com\/es\/about-us\/sustainability\/","title":{"rendered":"[ES] Sustainability"},"content":{"rendered":"","protected":false},"excerpt":{"rendered":"","protected":false},"author":1,"featured_media":0,"parent":1439,"menu_order":0,"comment_status":"closed","ping_status":"closed","template":"","meta":{"_acf_changed":false},"class_list":["post-1442","page","type-page","status-publish","hentry"],"acf":{"modules":[{"acf_fc_layout":"hero","_acfe_flexible_toggle":"","size":"default","heading_width":"default","text_colour":"black","image_overlay_style":"white","overlay":0.45,"overlay_type":"title","overlay_title":"CONSTRUIDOS PARA EL FUTURO","overlay_logo":null,"overlay_accessibility_title":"","background_type":"images","images":[{"image":1368,"tablet_image":"","mobile_image":""}],"responsive_video":{"":null,"video":{"video_type":"none","mp4_file":null,"webm_file":null},"tablet_video":{"video_type":"none","mp4_file":null,"webm_file":null},"mobile_video":{"video_type":"none","mp4_file":null,"webm_file":null}}},{"acf_fc_layout":"content_and_media","_acfe_flexible_toggle":"","background_colour":"grey","heading":"Nuestro compromiso con el planeta ","heading_small_text":"","subheading":"","content":"Nuestra labor ecol\u00f3gica empieza antes de entrar por la puerta. Elegimos restaurar propiedades hist\u00f3ricas para preservar la historia, la cultura y el planeta. \u00bfY qu\u00e9 m\u00e1s? Nos alegra que nos pregunte. Energ\u00eda 100% renovable, m\u00e9todos de tratamiento del agua respetuosos con el medio ambiente, productos reciclables y una est\u00e9tica atemporal que trasciende las modas. \u00c9stas son s\u00f3lo algunas de nuestras acciones en favor del planeta. Desarrollamos cada parte de la experiencia Bomporto de acuerdo con su potencial m\u00e1s ecol\u00f3gico, desde la construcci\u00f3n hasta la elecci\u00f3n de la ropa de cama.\r\n\r\n\u00bfQuiere saber m\u00e1s? Consulte nuestra hoja informativa sobre sostenibilidad.","buttons":[{"button_options":{"display":"show","button_type":"file","link":{"title":"M\u00e1s informaci\u00f3n","url":"#","target":""},"location":"","email_address":"","subject":"","phone_number":"","file":1709,"article":null,"popup":null,"link_text":"Read More"}}],"media_type":"images","media_position":"right","images":[{"image":1386,"tablet_image":"","mobile_image":""}],"responsive_video":{"":null,"video":{"video_type":"none","mp4_file":null,"webm_file":null},"tablet_video":{"video_type":"none","mp4_file":null,"webm_file":null},"mobile_video":{"video_type":"none","mp4_file":null,"webm_file":null}}},{"acf_fc_layout":"content_and_media","_acfe_flexible_toggle":"","background_colour":"grey","heading":"Para la comunidad","heading_small_text":"","subheading":"","content":"La comunidad lo es todo para el grupo Bomporto, desde nuestros empleados hasta nuestros proveedores. Por eso la responsabilidad social es una prioridad. Apoyamos tanto a nivel global como local a trav\u00e9s de:\r\n<ul>\r\n \t<li>Colaboraci\u00f3n con \u00abMake a Wish\u00bb, una asociaci\u00f3n que ayuda a ni\u00f1os con problemas graves de salud.<\/li>\r\n \t<li>Donaci\u00f3n de ropa de cama, colchones y almohadas a organizaciones locales de cuidados paliativos.<\/li>\r\n \t<li>Apoyo a \u00abJust a Change\u00bb, organizaci\u00f3n sin lucro con sede en Lisboa que trabaja en la rehabilitaci\u00f3n de orfanatos y residencias de ancianos.<\/li>\r\n \t<li>Tambi\u00e9n patrocinamos al equipo de b\u00e9isbol Salgueiros Highlanders. \u00a1Vamos Highlanders!<\/li>\r\n<\/ul>","buttons":null,"media_type":"images","media_position":"left","images":[{"image":1697,"tablet_image":"","mobile_image":""}],"responsive_video":{"":null,"video":{"video_type":"none","mp4_file":null,"webm_file":null},"tablet_video":{"video_type":"none","mp4_file":null,"webm_file":null},"mobile_video":{"video_type":"none","mp4_file":null,"webm_file":null}}},{"acf_fc_layout":"content_and_media","_acfe_flexible_toggle":"","background_colour":"grey","heading":"La colecci\u00f3n Bomporto","heading_small_text":"","subheading":"Bienvenido al lujo relajado, al estilo Bomporto.","content":"Alojamiento de cinco estrellas con un dise\u00f1o \u00fanico, spas, restaurantes ecl\u00e9cticos y fant\u00e1sticos espacios dise\u00f1ados para que cualquier aventurero se sienta como en casa. Descubra The Lumiares, The Vintage y The Rebello.","buttons":[{"button_options":{"display":"show","button_type":"link","link":{"title":"Nuestros hoteles","url":"https:\/\/bomportohotels.com\/es\/our-hotels\/","target":""},"location":"","email_address":"","subject":"","phone_number":"","file":null,"article":null,"popup":null,"link_text":""}}],"media_type":"images","media_position":"right","images":[{"image":1767,"tablet_image":"","mobile_image":""}],"responsive_video":{"":null,"video":{"video_type":"none","mp4_file":null,"webm_file":null},"tablet_video":{"video_type":"none","mp4_file":null,"webm_file":null},"mobile_video":{"video_type":"none","mp4_file":null,"webm_file":null}}}]},"yoast_head":"<!-- This site is optimized with the Yoast SEO plugin v27.5 - https:\/\/yoast.com\/product\/yoast-seo-wordpress\/ -->\n<title>[ES] Sustainability - Bomporto Hotels<\/title>\n<meta name=\"robots\" content=\"index, follow, max-snippet:-1, max-image-preview:large, max-video-preview:-1\" \/>\n<link rel=\"canonical\" href=\"https:\/\/bomportohotels.com\/es\/about-us\/sustainability\/\" \/>\n<meta property=\"og:locale\" content=\"es_ES\" \/>\n<meta property=\"og:type\" content=\"article\" \/>\n<meta property=\"og:title\" content=\"[ES] Sustainability - Bomporto Hotels\" \/>\n<meta property=\"og:url\" content=\"https:\/\/bomportohotels.com\/es\/about-us\/sustainability\/\" \/>\n<meta property=\"og:site_name\" content=\"Bomporto Hotels\" \/>\n<meta property=\"article:modified_time\" content=\"2025-05-29T11:03:02+00:00\" \/>\n<meta name=\"twitter:card\" content=\"summary_large_image\" \/>\n<script type=\"application\/ld+json\" class=\"yoast-schema-graph\">{\"@context\":\"https:\\\/\\\/schema.org\",\"@graph\":[{\"@type\":\"WebPage\",\"@id\":\"https:\\\/\\\/bomportohotels.com\\\/es\\\/about-us\\\/sustainability\\\/\",\"url\":\"https:\\\/\\\/bomportohotels.com\\\/es\\\/about-us\\\/sustainability\\\/\",\"name\":\"[ES] Sustainability - Bomporto Hotels\",\"isPartOf\":{\"@id\":\"https:\\\/\\\/bomportohotels.com\\\/es\\\/#website\"},\"datePublished\":\"2024-07-15T13:17:42+00:00\",\"dateModified\":\"2025-05-29T11:03:02+00:00\",\"breadcrumb\":{\"@id\":\"https:\\\/\\\/bomportohotels.com\\\/es\\\/about-us\\\/sustainability\\\/#breadcrumb\"},\"inLanguage\":\"es\",\"potentialAction\":[{\"@type\":\"ReadAction\",\"target\":[\"https:\\\/\\\/bomportohotels.com\\\/es\\\/about-us\\\/sustainability\\\/\"]}]},{\"@type\":\"BreadcrumbList\",\"@id\":\"https:\\\/\\\/bomportohotels.com\\\/es\\\/about-us\\\/sustainability\\\/#breadcrumb\",\"itemListElement\":[{\"@type\":\"ListItem\",\"position\":1,\"name\":\"Home\",\"item\":\"https:\\\/\\\/bomportohotels.com\\\/es\\\/\"},{\"@type\":\"ListItem\",\"position\":2,\"name\":\"[ES] About Us\",\"item\":\"https:\\\/\\\/bomportohotels.com\\\/es\\\/about-us\\\/\"},{\"@type\":\"ListItem\",\"position\":3,\"name\":\"[ES] Sustainability\"}]},{\"@type\":\"WebSite\",\"@id\":\"https:\\\/\\\/bomportohotels.com\\\/es\\\/#website\",\"url\":\"https:\\\/\\\/bomportohotels.com\\\/es\\\/\",\"name\":\"Bomporto Hotels\",\"description\":\"\",\"potentialAction\":[{\"@type\":\"SearchAction\",\"target\":{\"@type\":\"EntryPoint\",\"urlTemplate\":\"https:\\\/\\\/bomportohotels.com\\\/es\\\/?s={search_term_string}\"},\"query-input\":{\"@type\":\"PropertyValueSpecification\",\"valueRequired\":true,\"valueName\":\"search_term_string\"}}],\"inLanguage\":\"es\"}]}<\/script>\n<!-- \/ Yoast SEO plugin. -->","yoast_head_json":{"title":"[ES] Sustainability - Bomporto Hotels","robots":{"index":"index","follow":"follow","max-snippet":"max-snippet:-1","max-image-preview":"max-image-preview:large","max-video-preview":"max-video-preview:-1"},"canonical":"https:\/\/bomportohotels.com\/es\/about-us\/sustainability\/","og_locale":"es_ES","og_type":"article","og_title":"[ES] Sustainability - Bomporto Hotels","og_url":"https:\/\/bomportohotels.com\/es\/about-us\/sustainability\/","og_site_name":"Bomporto Hotels","article_modified_time":"2025-05-29T11:03:02+00:00","twitter_card":"summary_large_image","schema":{"@context":"https:\/\/schema.org","@graph":[{"@type":"WebPage","@id":"https:\/\/bomportohotels.com\/es\/about-us\/sustainability\/","url":"https:\/\/bomportohotels.com\/es\/about-us\/sustainability\/","name":"[ES] Sustainability - Bomporto Hotels","isPartOf":{"@id":"https:\/\/bomportohotels.com\/es\/#website"},"datePublished":"2024-07-15T13:17:42+00:00","dateModified":"2025-05-29T11:03:02+00:00","breadcrumb":{"@id":"https:\/\/bomportohotels.com\/es\/about-us\/sustainability\/#breadcrumb"},"inLanguage":"es","potentialAction":[{"@type":"ReadAction","target":["https:\/\/bomportohotels.com\/es\/about-us\/sustainability\/"]}]},{"@type":"BreadcrumbList","@id":"https:\/\/bomportohotels.com\/es\/about-us\/sustainability\/#breadcrumb","itemListElement":[{"@type":"ListItem","position":1,"name":"Home","item":"https:\/\/bomportohotels.com\/es\/"},{"@type":"ListItem","position":2,"name":"[ES] About Us","item":"https:\/\/bomportohotels.com\/es\/about-us\/"},{"@type":"ListItem","position":3,"name":"[ES] Sustainability"}]},{"@type":"WebSite","@id":"https:\/\/bomportohotels.com\/es\/#website","url":"https:\/\/bomportohotels.com\/es\/","name":"Bomporto Hotels","description":"","potentialAction":[{"@type":"SearchAction","target":{"@type":"EntryPoint","urlTemplate":"https:\/\/bomportohotels.com\/es\/?s={search_term_string}"},"query-input":{"@type":"PropertyValueSpecification","valueRequired":true,"valueName":"search_term_string"}}],"inLanguage":"es"}]}},"_links":{"self":[{"href":"https:\/\/bomportohotels.com\/es\/wp-json\/wp\/v2\/pages\/1442","targetHints":{"allow":["GET"]}}],"collection":[{"href":"https:\/\/bomportohotels.com\/es\/wp-json\/wp\/v2\/pages"}],"about":[{"href":"https:\/\/bomportohotels.com\/es\/wp-json\/wp\/v2\/types\/page"}],"author":[{"embeddable":true,"href":"https:\/\/bomportohotels.com\/es\/wp-json\/wp\/v2\/users\/1"}],"replies":[{"embeddable":true,"href":"https:\/\/bomportohotels.com\/es\/wp-json\/wp\/v2\/comments?post=1442"}],"version-history":[{"count":0,"href":"https:\/\/bomportohotels.com\/es\/wp-json\/wp\/v2\/pages\/1442\/revisions"}],"up":[{"embeddable":true,"href":"https:\/\/bomportohotels.com\/es\/wp-json\/wp\/v2\/pages\/1439"}],"wp:attachment":[{"href":"https:\/\/bomportohotels.com\/es\/wp-json\/wp\/v2\/media?parent=1442"}],"curies":[{"name":"wp","href":"https:\/\/api.w.org\/{rel}","templated":true}]}}